{"id":356,"date":"2022-07-20T11:45:21","date_gmt":"2022-07-20T09:45:21","guid":{"rendered":"https:\/\/novi.nadezdapetrovic.rs\/?page_id=356"},"modified":"2022-07-20T11:46:18","modified_gmt":"2022-07-20T09:46:18","slug":"online-katalog-30-memorijal","status":"publish","type":"page","link":"https:\/\/nadezdapetrovic.rs\/en\/30-memorijal\/online-katalog-30-memorijal\/","title":{"rendered":"OnLine \u043a\u0430\u0442\u0430\u043b\u043e\u0433 30. \u043c\u0435\u043c\u043e\u0440\u0438\u0458\u0430\u043b"},"content":{"rendered":"<div data-elementor-type=\"wp-page\" data-elementor-id=\"356\" class=\"elementor elementor-356\" data-elementor-post-type=\"page\">\n\t\t\t\t\t\t<section class=\"elementor-section elementor-top-section elementor-element elementor-element-39690e4 elementor-section-boxed elementor-section-height-default elementor-section-height-default\" data-id=\"39690e4\" data-element_type=\"section\" data-e-type=\"section\">\n\t\t\t\t\t\t<div class=\"elementor-container elementor-column-gap-default\">\n\t\t\t\t\t<div class=\"elementor-column elementor-col-100 elementor-top-column elementor-element elementor-element-d2d5b21\" data-id=\"d2d5b21\" data-element_type=\"column\" data-e-type=\"column\">\n\t\t\t<div class=\"elementor-widget-wrap elementor-element-populated\">\n\t\t\t\t\t\t<div class=\"elementor-element elementor-element-92d8149 elementor-widget elementor-widget-text-editor\" data-id=\"92d8149\" data-element_type=\"widget\" data-e-type=\"widget\" data-widget_type=\"text-editor.default\">\n\t\t\t\t<div class=\"elementor-widget-container\">\n\t\t\t\t\t\t\t\t\t<p><div class=\"_df_book df-lite\" id=\"df_334\"  _slug=\"30-memorijal-katalog\" data-title=\"30-memorijal-katalog\" wpoptions=\"true\" thumb=\"https:\/\/nadezdapetrovic.rs\/wp-content\/uploads\/2022\/07\/Screen-Shot-2021-03-19-at-14.54.52.jpeg\" thumbtype=\"\" ><\/div><script class=\"df-shortcode-script\" nowprocket type=\"application\/javascript\">window.option_df_334 = {\"outline\":[],\"hard\":\"cover\",\"autoEnableOutline\":\"false\",\"autoEnableThumbnail\":\"false\",\"overwritePDFOutline\":\"false\",\"direction\":\"1\",\"pageSize\":\"0\",\"source\":\"https:\\\/\\\/nadezdapetrovic.rs\\\/wp-content\\\/uploads\\\/2022\\\/07\\\/30.-Memorijal-Nadezde-Petrovic-katalog-small.pdf\",\"wpOptions\":\"true\"}; if(window.DFLIP && window.DFLIP.parseBooks){window.DFLIP.parseBooks();}<\/script><\/p>\t\t\t\t\t\t\t\t<\/div>\n\t\t\t\t<\/div>\n\t\t\t\t\t<\/div>\n\t\t<\/div>\n\t\t\t\t\t<\/div>\n\t\t<\/section>\n\t\t\t\t<\/div>","protected":false},"excerpt":{"rendered":"","protected":false},"author":1,"featured_media":0,"parent":301,"menu_order":0,"comment_status":"closed","ping_status":"closed","template":"elementor_header_footer","meta":{"footnotes":""},"class_list":["post-356","page","type-page","status-publish","hentry"],"yoast_head":"<!-- This site is optimized with the Yoast SEO plugin v27.4 - https:\/\/yoast.com\/product\/yoast-seo-wordpress\/ -->\n<title>OnLine \u043a\u0430\u0442\u0430\u043b\u043e\u0433 30. \u043c\u0435\u043c\u043e\u0440\u0438\u0458\u0430\u043b - \u0423\u043c\u0435\u0442\u043d\u0438\u0447\u043a\u0430 \u0433\u0430\u043b\u0435\u0440\u0438\u0458\u0430 \u041d\u0430\u0434\u0435\u0436\u0434\u0430 \u041f\u0435\u0442\u0440\u043e\u0432\u0438\u045b<\/title>\n<meta name=\"robots\" content=\"index, follow, max-snippet:-1, max-image-preview:large, max-video-preview:-1\" \/>\n<link rel=\"canonical\" href=\"https:\/\/nadezdapetrovic.rs\/en\/30-memorijal\/online-katalog-30-memorijal\/\" \/>\n<meta property=\"og:locale\" content=\"en_GB\" \/>\n<meta property=\"og:type\" content=\"article\" \/>\n<meta property=\"og:title\" content=\"OnLine \u043a\u0430\u0442\u0430\u043b\u043e\u0433 30. \u043c\u0435\u043c\u043e\u0440\u0438\u0458\u0430\u043b - \u0423\u043c\u0435\u0442\u043d\u0438\u0447\u043a\u0430 \u0433\u0430\u043b\u0435\u0440\u0438\u0458\u0430 \u041d\u0430\u0434\u0435\u0436\u0434\u0430 \u041f\u0435\u0442\u0440\u043e\u0432\u0438\u045b\" \/>\n<meta property=\"og:url\" content=\"https:\/\/nadezdapetrovic.rs\/en\/30-memorijal\/online-katalog-30-memorijal\/\" \/>\n<meta property=\"og:site_name\" content=\"\u0423\u043c\u0435\u0442\u043d\u0438\u0447\u043a\u0430 \u0433\u0430\u043b\u0435\u0440\u0438\u0458\u0430 \u041d\u0430\u0434\u0435\u0436\u0434\u0430 \u041f\u0435\u0442\u0440\u043e\u0432\u0438\u045b\" \/>\n<meta property=\"article:publisher\" content=\"https:\/\/www.facebook.com\/galerijanadezdapetrovic.cacak\" \/>\n<meta property=\"article:modified_time\" content=\"2022-07-20T09:46:18+00:00\" \/>\n<meta property=\"og:image\" content=\"https:\/\/nadezdapetrovic.rs\/wp-content\/uploads\/2023\/03\/DSC9157-Novo-dvoriste.jpg\" \/>\n\t<meta property=\"og:image:width\" content=\"1920\" \/>\n\t<meta property=\"og:image:height\" content=\"1270\" \/>\n\t<meta property=\"og:image:type\" content=\"image\/jpeg\" \/>\n<meta name=\"twitter:card\" content=\"summary_large_image\" \/>\n<script type=\"application\/ld+json\" class=\"yoast-schema-graph\">{\"@context\":\"https:\\\/\\\/schema.org\",\"@graph\":[{\"@type\":\"WebPage\",\"@id\":\"https:\\\/\\\/nadezdapetrovic.rs\\\/en\\\/30-memorijal\\\/online-katalog-30-memorijal\\\/\",\"url\":\"https:\\\/\\\/nadezdapetrovic.rs\\\/en\\\/30-memorijal\\\/online-katalog-30-memorijal\\\/\",\"name\":\"OnLine \u043a\u0430\u0442\u0430\u043b\u043e\u0433 30. \u043c\u0435\u043c\u043e\u0440\u0438\u0458\u0430\u043b - \u0423\u043c\u0435\u0442\u043d\u0438\u0447\u043a\u0430 \u0433\u0430\u043b\u0435\u0440\u0438\u0458\u0430 \u041d\u0430\u0434\u0435\u0436\u0434\u0430 \u041f\u0435\u0442\u0440\u043e\u0432\u0438\u045b\",\"isPartOf\":{\"@id\":\"https:\\\/\\\/nadezdapetrovic.rs\\\/#website\"},\"datePublished\":\"2022-07-20T09:45:21+00:00\",\"dateModified\":\"2022-07-20T09:46:18+00:00\",\"breadcrumb\":{\"@id\":\"https:\\\/\\\/nadezdapetrovic.rs\\\/en\\\/30-memorijal\\\/online-katalog-30-memorijal\\\/#breadcrumb\"},\"inLanguage\":\"en-GB\",\"potentialAction\":[{\"@type\":\"ReadAction\",\"target\":[\"https:\\\/\\\/nadezdapetrovic.rs\\\/en\\\/30-memorijal\\\/online-katalog-30-memorijal\\\/\"]}]},{\"@type\":\"BreadcrumbList\",\"@id\":\"https:\\\/\\\/nadezdapetrovic.rs\\\/en\\\/30-memorijal\\\/online-katalog-30-memorijal\\\/#breadcrumb\",\"itemListElement\":[{\"@type\":\"ListItem\",\"position\":1,\"name\":\"\u041f\u043e\u0447\u0435\u0442\u043d\u0430\",\"item\":\"https:\\\/\\\/nadezdapetrovic.rs\\\/\"},{\"@type\":\"ListItem\",\"position\":2,\"name\":\"30. \u041c\u0435\u043c\u043e\u0440\u0438\u0458\u0430\u043b\",\"item\":\"https:\\\/\\\/nadezdapetrovic.rs\\\/en\\\/30-memorijal\\\/\"},{\"@type\":\"ListItem\",\"position\":3,\"name\":\"OnLine \u043a\u0430\u0442\u0430\u043b\u043e\u0433 30. \u043c\u0435\u043c\u043e\u0440\u0438\u0458\u0430\u043b\"}]},{\"@type\":\"WebSite\",\"@id\":\"https:\\\/\\\/nadezdapetrovic.rs\\\/#website\",\"url\":\"https:\\\/\\\/nadezdapetrovic.rs\\\/\",\"name\":\"\u0423\u043c\u0435\u0442\u043d\u0438\u0447\u043a\u0430 \u0433\u0430\u043b\u0435\u0440\u0438\u0458\u0430 \u041d\u0430\u0434\u0435\u0436\u0434\u0430 \u041f\u0435\u0442\u0440\u043e\u0432\u0438\u045b\",\"description\":\"\",\"publisher\":{\"@id\":\"https:\\\/\\\/nadezdapetrovic.rs\\\/#organization\"},\"potentialAction\":[{\"@type\":\"SearchAction\",\"target\":{\"@type\":\"EntryPoint\",\"urlTemplate\":\"https:\\\/\\\/nadezdapetrovic.rs\\\/?s={search_term_string}\"},\"query-input\":{\"@type\":\"PropertyValueSpecification\",\"valueRequired\":true,\"valueName\":\"search_term_string\"}}],\"inLanguage\":\"en-GB\"},{\"@type\":\"Organization\",\"@id\":\"https:\\\/\\\/nadezdapetrovic.rs\\\/#organization\",\"name\":\"Umetni\u010dka galerija Nade\u017eda Petrovi\u0107\",\"alternateName\":\"Galerija Nade\u017ead Petrovi\u0107\",\"url\":\"https:\\\/\\\/nadezdapetrovic.rs\\\/\",\"logo\":{\"@type\":\"ImageObject\",\"inLanguage\":\"en-GB\",\"@id\":\"https:\\\/\\\/nadezdapetrovic.rs\\\/#\\\/schema\\\/logo\\\/image\\\/\",\"url\":\"https:\\\/\\\/nadezdapetrovic.rs\\\/wp-content\\\/uploads\\\/2022\\\/05\\\/Logo-galerija-mali.png\",\"contentUrl\":\"https:\\\/\\\/nadezdapetrovic.rs\\\/wp-content\\\/uploads\\\/2022\\\/05\\\/Logo-galerija-mali.png\",\"width\":160,\"height\":91,\"caption\":\"Umetni\u010dka galerija Nade\u017eda Petrovi\u0107\"},\"image\":{\"@id\":\"https:\\\/\\\/nadezdapetrovic.rs\\\/#\\\/schema\\\/logo\\\/image\\\/\"},\"sameAs\":[\"https:\\\/\\\/www.facebook.com\\\/galerijanadezdapetrovic.cacak\",\"https:\\\/\\\/www.instagram.com\\\/galerija.nadezdapetrovic\\\/\"]}]}<\/script>\n<!-- \/ Yoast SEO plugin. -->","yoast_head_json":{"title":"OnLine \u043a\u0430\u0442\u0430\u043b\u043e\u0433 30. \u043c\u0435\u043c\u043e\u0440\u0438\u0458\u0430\u043b - \u0423\u043c\u0435\u0442\u043d\u0438\u0447\u043a\u0430 \u0433\u0430\u043b\u0435\u0440\u0438\u0458\u0430 \u041d\u0430\u0434\u0435\u0436\u0434\u0430 \u041f\u0435\u0442\u0440\u043e\u0432\u0438\u045b","robots":{"index":"index","follow":"follow","max-snippet":"max-snippet:-1","max-image-preview":"max-image-preview:large","max-video-preview":"max-video-preview:-1"},"canonical":"https:\/\/nadezdapetrovic.rs\/en\/30-memorijal\/online-katalog-30-memorijal\/","og_locale":"en_GB","og_type":"article","og_title":"OnLine \u043a\u0430\u0442\u0430\u043b\u043e\u0433 30. \u043c\u0435\u043c\u043e\u0440\u0438\u0458\u0430\u043b - \u0423\u043c\u0435\u0442\u043d\u0438\u0447\u043a\u0430 \u0433\u0430\u043b\u0435\u0440\u0438\u0458\u0430 \u041d\u0430\u0434\u0435\u0436\u0434\u0430 \u041f\u0435\u0442\u0440\u043e\u0432\u0438\u045b","og_url":"https:\/\/nadezdapetrovic.rs\/en\/30-memorijal\/online-katalog-30-memorijal\/","og_site_name":"\u0423\u043c\u0435\u0442\u043d\u0438\u0447\u043a\u0430 \u0433\u0430\u043b\u0435\u0440\u0438\u0458\u0430 \u041d\u0430\u0434\u0435\u0436\u0434\u0430 \u041f\u0435\u0442\u0440\u043e\u0432\u0438\u045b","article_publisher":"https:\/\/www.facebook.com\/galerijanadezdapetrovic.cacak","article_modified_time":"2022-07-20T09:46:18+00:00","og_image":[{"width":1920,"height":1270,"url":"https:\/\/nadezdapetrovic.rs\/wp-content\/uploads\/2023\/03\/DSC9157-Novo-dvoriste.jpg","type":"image\/jpeg"}],"twitter_card":"summary_large_image","schema":{"@context":"https:\/\/schema.org","@graph":[{"@type":"WebPage","@id":"https:\/\/nadezdapetrovic.rs\/en\/30-memorijal\/online-katalog-30-memorijal\/","url":"https:\/\/nadezdapetrovic.rs\/en\/30-memorijal\/online-katalog-30-memorijal\/","name":"OnLine \u043a\u0430\u0442\u0430\u043b\u043e\u0433 30. \u043c\u0435\u043c\u043e\u0440\u0438\u0458\u0430\u043b - \u0423\u043c\u0435\u0442\u043d\u0438\u0447\u043a\u0430 \u0433\u0430\u043b\u0435\u0440\u0438\u0458\u0430 \u041d\u0430\u0434\u0435\u0436\u0434\u0430 \u041f\u0435\u0442\u0440\u043e\u0432\u0438\u045b","isPartOf":{"@id":"https:\/\/nadezdapetrovic.rs\/#website"},"datePublished":"2022-07-20T09:45:21+00:00","dateModified":"2022-07-20T09:46:18+00:00","breadcrumb":{"@id":"https:\/\/nadezdapetrovic.rs\/en\/30-memorijal\/online-katalog-30-memorijal\/#breadcrumb"},"inLanguage":"en-GB","potentialAction":[{"@type":"ReadAction","target":["https:\/\/nadezdapetrovic.rs\/en\/30-memorijal\/online-katalog-30-memorijal\/"]}]},{"@type":"BreadcrumbList","@id":"https:\/\/nadezdapetrovic.rs\/en\/30-memorijal\/online-katalog-30-memorijal\/#breadcrumb","itemListElement":[{"@type":"ListItem","position":1,"name":"\u041f\u043e\u0447\u0435\u0442\u043d\u0430","item":"https:\/\/nadezdapetrovic.rs\/"},{"@type":"ListItem","position":2,"name":"30. \u041c\u0435\u043c\u043e\u0440\u0438\u0458\u0430\u043b","item":"https:\/\/nadezdapetrovic.rs\/en\/30-memorijal\/"},{"@type":"ListItem","position":3,"name":"OnLine \u043a\u0430\u0442\u0430\u043b\u043e\u0433 30. \u043c\u0435\u043c\u043e\u0440\u0438\u0458\u0430\u043b"}]},{"@type":"WebSite","@id":"https:\/\/nadezdapetrovic.rs\/#website","url":"https:\/\/nadezdapetrovic.rs\/","name":"\u0423\u043c\u0435\u0442\u043d\u0438\u0447\u043a\u0430 \u0433\u0430\u043b\u0435\u0440\u0438\u0458\u0430 \u041d\u0430\u0434\u0435\u0436\u0434\u0430 \u041f\u0435\u0442\u0440\u043e\u0432\u0438\u045b","description":"","publisher":{"@id":"https:\/\/nadezdapetrovic.rs\/#organization"},"potentialAction":[{"@type":"SearchAction","target":{"@type":"EntryPoint","urlTemplate":"https:\/\/nadezdapetrovic.rs\/?s={search_term_string}"},"query-input":{"@type":"PropertyValueSpecification","valueRequired":true,"valueName":"search_term_string"}}],"inLanguage":"en-GB"},{"@type":"Organization","@id":"https:\/\/nadezdapetrovic.rs\/#organization","name":"Umetni\u010dka galerija Nade\u017eda Petrovi\u0107","alternateName":"Galerija Nade\u017ead Petrovi\u0107","url":"https:\/\/nadezdapetrovic.rs\/","logo":{"@type":"ImageObject","inLanguage":"en-GB","@id":"https:\/\/nadezdapetrovic.rs\/#\/schema\/logo\/image\/","url":"https:\/\/nadezdapetrovic.rs\/wp-content\/uploads\/2022\/05\/Logo-galerija-mali.png","contentUrl":"https:\/\/nadezdapetrovic.rs\/wp-content\/uploads\/2022\/05\/Logo-galerija-mali.png","width":160,"height":91,"caption":"Umetni\u010dka galerija Nade\u017eda Petrovi\u0107"},"image":{"@id":"https:\/\/nadezdapetrovic.rs\/#\/schema\/logo\/image\/"},"sameAs":["https:\/\/www.facebook.com\/galerijanadezdapetrovic.cacak","https:\/\/www.instagram.com\/galerija.nadezdapetrovic\/"]}]}},"_links":{"self":[{"href":"https:\/\/nadezdapetrovic.rs\/en\/wp-json\/wp\/v2\/pages\/356","targetHints":{"allow":["GET"]}}],"collection":[{"href":"https:\/\/nadezdapetrovic.rs\/en\/wp-json\/wp\/v2\/pages"}],"about":[{"href":"https:\/\/nadezdapetrovic.rs\/en\/wp-json\/wp\/v2\/types\/page"}],"author":[{"embeddable":true,"href":"https:\/\/nadezdapetrovic.rs\/en\/wp-json\/wp\/v2\/users\/1"}],"replies":[{"embeddable":true,"href":"https:\/\/nadezdapetrovic.rs\/en\/wp-json\/wp\/v2\/comments?post=356"}],"version-history":[{"count":4,"href":"https:\/\/nadezdapetrovic.rs\/en\/wp-json\/wp\/v2\/pages\/356\/revisions"}],"predecessor-version":[{"id":360,"href":"https:\/\/nadezdapetrovic.rs\/en\/wp-json\/wp\/v2\/pages\/356\/revisions\/360"}],"up":[{"embeddable":true,"href":"https:\/\/nadezdapetrovic.rs\/en\/wp-json\/wp\/v2\/pages\/301"}],"wp:attachment":[{"href":"https:\/\/nadezdapetrovic.rs\/en\/wp-json\/wp\/v2\/media?parent=356"}],"curies":[{"name":"wp","href":"https:\/\/api.w.org\/{rel}","templated":true}]}}