{"id":3141,"date":"2026-04-20T13:21:24","date_gmt":"2026-04-20T11:21:24","guid":{"rendered":"https:\/\/nadezdapetrovic.rs\/?page_id=3141"},"modified":"2026-04-20T13:50:38","modified_gmt":"2026-04-20T11:50:38","slug":"javne-nabavke-2023","status":"publish","type":"page","link":"https:\/\/nadezdapetrovic.rs\/en\/javne-nabavke-2023\/","title":{"rendered":"\u0408\u0430\u0432\u043d\u0435 \u043d\u0430\u0431\u0430\u0432\u043a\u0435 2023."},"content":{"rendered":"<div data-elementor-type=\"wp-page\" data-elementor-id=\"3141\" class=\"elementor elementor-3141\" data-elementor-post-type=\"page\">\n\t\t\t\t\t\t<section class=\"elementor-section elementor-top-section elementor-element elementor-element-5c0c2f5f elementor-section-boxed elementor-section-height-default elementor-section-height-default\" data-id=\"5c0c2f5f\" data-element_type=\"section\" data-e-type=\"section\">\n\t\t\t\t\t\t<div class=\"elementor-container elementor-column-gap-default\">\n\t\t\t\t\t<div class=\"elementor-column elementor-col-100 elementor-top-column elementor-element elementor-element-2d72a9a1\" data-id=\"2d72a9a1\" data-element_type=\"column\" data-e-type=\"column\">\n\t\t\t<div class=\"elementor-widget-wrap elementor-element-populated\">\n\t\t\t\t\t\t<div class=\"elementor-element elementor-element-40bef3af elementor-widget elementor-widget-text-editor\" data-id=\"40bef3af\" data-element_type=\"widget\" data-e-type=\"widget\" data-widget_type=\"text-editor.default\">\n\t\t\t\t<div class=\"elementor-widget-container\">\n\t\t\t\t\t\t\t\t\t\n\n\n\n\t\t\t\t\t\t\t\t<\/div>\n\t\t\t\t<\/div>\n\t\t\t\t\t<\/div>\n\t\t<\/div>\n\t\t\t\t\t<\/div>\n\t\t<\/section>\n\t\t\t\t<section class=\"elementor-section elementor-top-section elementor-element elementor-element-d80f2ab elementor-section-boxed elementor-section-height-default elementor-section-height-default\" data-id=\"d80f2ab\" data-element_type=\"section\" data-e-type=\"section\">\n\t\t\t\t\t\t<div class=\"elementor-container elementor-column-gap-default\">\n\t\t\t\t\t<div class=\"elementor-column elementor-col-100 elementor-top-column elementor-element elementor-element-4112d3f\" data-id=\"4112d3f\" data-element_type=\"column\" data-e-type=\"column\">\n\t\t\t<div class=\"elementor-widget-wrap elementor-element-populated\">\n\t\t\t\t\t\t<div class=\"elementor-element elementor-element-55bfd41 elementor-widget elementor-widget-text-editor\" data-id=\"55bfd41\" data-element_type=\"widget\" data-e-type=\"widget\" data-widget_type=\"text-editor.default\">\n\t\t\t\t<div class=\"elementor-widget-container\">\n\t\t\t\t\t\t\t\t\t<p><strong>\u0428\u0442\u0430\u043c\u043f\u0430 \u043a\u0430\u0442\u0430\u043b\u043e\u0433\u0430 \u0438 \u043f\u0443\u0431\u043b\u0438\u043a\u0430\u0446\u0438\u0458\u0430<\/strong><\/p>\n<p><a href=\"https:\/\/nadezdapetrovic.rs\/wp-content\/uploads\/2026\/04\/Izjava-o-nepostojanju-sukoba-interesa-6.pdf\">Izjava o nepostojanju sukoba interesa<\/a><\/p>\n<p><a href=\"https:\/\/nadezdapetrovic.rs\/wp-content\/uploads\/2026\/04\/Javni-poziv-3.pdf\">Javni poziv<\/a><\/p>\n<p><a href=\"https:\/\/nadezdapetrovic.rs\/wp-content\/uploads\/2026\/04\/Kriterijumi-za-dodelu-ugovora-3.pdf\">Kriterijumi za dodelu ugovora<\/a><\/p>\n<p><a href=\"https:\/\/nadezdapetrovic.rs\/wp-content\/uploads\/2026\/04\/Obavestenje-o-dodeli-ugovora-obustavi-ili-ponistenju-10.pdf\">Obave\u0161tenje o dodeli ugovora, obustavi ili poni\u0161tenju<\/a><\/p>\n<p><a href=\"https:\/\/nadezdapetrovic.rs\/wp-content\/uploads\/2026\/04\/Odluka-o-sprovodjenju-postupka-6.pdf\">Odluka o sprovodjenju postupka<\/a><\/p>\n<p><a href=\"https:\/\/nadezdapetrovic.rs\/wp-content\/uploads\/2026\/04\/Opis-kriterijuma-za-kvalitativni-izbor-privrednog-subjekta-sa-uputstvima-3.pdf\">Opis kriterijuma za kvalitativni izbor privrednog subjekta sa uputstvima<\/a><\/p>\n<p><a href=\"https:\/\/nadezdapetrovic.rs\/wp-content\/uploads\/2026\/04\/Opsti-deo-\u2013-podaci-o-predmetu-nabavke-4.pdf\">Op\u0161ti deo \u2013 podaci o predmetu nabavke<\/a><\/p>\n<p><a href=\"https:\/\/nadezdapetrovic.rs\/wp-content\/uploads\/2026\/04\/Ugovor-o-javnoj-nabavci-1-2023-1.pdf\">Ugovor o javnoj nabavci 1-2023<\/a><\/p>\n<p><a href=\"https:\/\/nadezdapetrovic.rs\/wp-content\/uploads\/2026\/04\/Uputstvo-ponudacima-kako-da-sacine-ponudu-2.pdf\">Uputstvo ponudacima kako da sacine ponudu<\/a><\/p>\n<p><a href=\"https:\/\/nadezdapetrovic.rs\/wp-content\/uploads\/2026\/04\/Zapisnik-o-otvaranju-ponuda-10.pdf\">Zapisnik o otvaranju ponuda<\/a><\/p>\n<p><a href=\"https:\/\/nadezdapetrovic.rs\/wp-content\/uploads\/2026\/04\/\u0418\u0437\u0432\u0435\u0448\u0442\u0430\u0458-\u043e-\u043f\u043e\u0441\u0442\u0443\u043f\u043a\u0443-\u0408\u041d-\u0428\u0442\u0430\u043c\u043f\u0430-\u043a\u0430\u0442\u0430\u043b\u043e\u0433\u0430-\u0438-\u043f\u0443\u0431\u043b\u0438\u043a\u0430\u0446\u0438\u0458\u0430-1.pdf\">\u0418\u0437\u0432\u0435\u0448\u0442\u0430\u0458 \u043e \u043f\u043e\u0441\u0442\u0443\u043f\u043a\u0443 \u0408\u041d &#8211; \u0428\u0442\u0430\u043c\u043f\u0430 \u043a\u0430\u0442\u0430\u043b\u043e\u0433\u0430 \u0438 \u043f\u0443\u0431\u043b\u0438\u043a\u0430\u0446\u0438\u0458\u0430<\/a><\/p>\n<p><a href=\"https:\/\/nadezdapetrovic.rs\/wp-content\/uploads\/2026\/04\/\u041e\u0434\u043b\u0443\u043a\u0430-\u043e-\u0434\u043e\u0434\u0435\u043b\u0438-\u0413\u0430\u043b\u0435\u0440\u0438\u0458\u0430-\u0427\u0430\u0447\u0430\u043a-1.docx\">\u041e\u0434\u043b\u0443\u043a\u0430 \u043e \u0434\u043e\u0434\u0435\u043b\u0438 &#8211; \u0413\u0430\u043b\u0435\u0440\u0438\u0458\u0430 \u0427\u0430\u0447\u0430\u043a<\/a><\/p>\t\t\t\t\t\t\t\t<\/div>\n\t\t\t\t<\/div>\n\t\t\t\t<div class=\"elementor-element elementor-element-b5f2d03 elementor-widget elementor-widget-text-editor\" data-id=\"b5f2d03\" data-element_type=\"widget\" data-e-type=\"widget\" data-widget_type=\"text-editor.default\">\n\t\t\t\t<div class=\"elementor-widget-container\">\n\t\t\t\t\t\t\t\t\t<p><strong>\u0428\u0442\u0430\u043c\u043f\u0430 \u0431\u0438\u043b\u0431\u043e\u0440\u0434\u0430<\/strong><\/p>\n<p><a href=\"https:\/\/nadezdapetrovic.rs\/wp-content\/uploads\/2026\/04\/Izjava-o-nepostojanju-sukoba-interesa-7.pdf\">Izjava o nepostojanju sukoba interesa<\/a> <a href=\"https:\/\/nadezdapetrovic.rs\/wp-content\/uploads\/2026\/04\/Izvestaj-o-postupku-4.pdf\">Izvestaj o postupku<\/a><\/p>\n<p><a href=\"https:\/\/nadezdapetrovic.rs\/wp-content\/uploads\/2026\/04\/Javni-poziv-4.pdf\">Javni poziv<\/a><\/p>\n<p><a href=\"https:\/\/nadezdapetrovic.rs\/wp-content\/uploads\/2026\/04\/Kriterijumi-za-dodelu-ugovora-4.pdf\">Kriterijumi za dodelu ugovora<\/a><\/p>\n<p><a href=\"https:\/\/nadezdapetrovic.rs\/wp-content\/uploads\/2026\/04\/Obavestenje-o-dodeli-ugovora-obustavi-ili-ponistenju-11.pdf\">Obave\u0161tenje o dodeli ugovora, obustavi ili poni\u0161tenju<\/a><\/p>\n<p><a href=\"https:\/\/nadezdapetrovic.rs\/wp-content\/uploads\/2026\/04\/Obrazac-ponude-_-prijave-Medigraf-1.pdf\">Obrazac ponude _ prijave Medigraf<\/a><\/p>\n<p><a href=\"https:\/\/nadezdapetrovic.rs\/wp-content\/uploads\/2026\/04\/Obrazac-ponude-_-prijave-Trigon-1.pdf\">Obrazac ponude _ prijave Trigon<\/a><\/p>\n<p><a href=\"https:\/\/nadezdapetrovic.rs\/wp-content\/uploads\/2026\/04\/Odluka-o-dodeli-ugovora-3.docx\">Odluka o dodeli ugovora<\/a><\/p>\n<p><a href=\"https:\/\/nadezdapetrovic.rs\/wp-content\/uploads\/2026\/04\/Odluka-o-sprovodjenju-postupka-7.pdf\">Odluka o sprovodjenju postupka<\/a><\/p>\n<p><a href=\"https:\/\/nadezdapetrovic.rs\/wp-content\/uploads\/2026\/04\/Opis-realizacija-1.doc\">Opis &#8211; realizacija<\/a><\/p>\n<p><a href=\"https:\/\/nadezdapetrovic.rs\/wp-content\/uploads\/2026\/04\/Opis-kriterijuma-za-kvalitativni-izbor-privrednog-subjekta-sa-uputstvima-4.pdf\">Opis kriterijuma za kvalitativni izbor privrednog subjekta sa uputstvima<\/a><\/p>\n<p><a href=\"https:\/\/nadezdapetrovic.rs\/wp-content\/uploads\/2026\/04\/Opsti-deo-\u2013-podaci-o-predmetu-nabavke-5.pdf\">Op\u0161ti deo \u2013 podaci o predmetu nabavke<\/a><\/p>\n<p><a href=\"https:\/\/nadezdapetrovic.rs\/wp-content\/uploads\/2026\/04\/Ugovor-Medigraf-1.pdf\">Ugovor Medigraf<\/a><\/p>\n<p><a href=\"https:\/\/nadezdapetrovic.rs\/wp-content\/uploads\/2026\/04\/Zapisnik-o-otvaranju-ponuda-11.pdf\">Zapisnik o otvaranju ponuda<\/a><\/p>\t\t\t\t\t\t\t\t<\/div>\n\t\t\t\t<\/div>\n\t\t\t\t<div class=\"elementor-element elementor-element-20ac90a elementor-widget elementor-widget-text-editor\" data-id=\"20ac90a\" data-element_type=\"widget\" data-e-type=\"widget\" data-widget_type=\"text-editor.default\">\n\t\t\t\t<div class=\"elementor-widget-container\">\n\t\t\t\t\t\t\t\t\t<p><strong>\u041f\u0440\u0435\u0433\u043e\u0432\u0430\u0440\u0430\u0447\u043a\u0438 \u043f\u043e\u0441\u0442\u0443\u043f\u0430\u043a \u0431\u0435\u0437 \u043e\u0431\u0458\u0430\u0432\u0459\u0438\u0432\u0430\u045a\u0430 \u0458\u0430\u0432\u043d\u043e\u0433 \u043f\u043e\u0437\u0438\u0432\u0430, \u043e\u0442\u043a\u0443\u043f<\/strong><\/p>\n<p><a href=\"https:\/\/nadezdapetrovic.rs\/wp-content\/uploads\/2026\/04\/Izjava-o-nepostojanju-sukoba-interesa-8.pdf\">Izjava o nepostojanju sukoba interesa<\/a><\/p>\n<p><a href=\"https:\/\/nadezdapetrovic.rs\/wp-content\/uploads\/2026\/04\/Obavestenje-o-dodeli-ugovora-obustavi-ili-ponistenju-12.pdf\">Obave\u0161tenje o dodeli ugovora, obustavi ili poni\u0161tenju<\/a><\/p>\n<p><a href=\"https:\/\/nadezdapetrovic.rs\/wp-content\/uploads\/2026\/04\/Obavestenje-o-sprovodenju-pregovarackog-postupka-bez-objavljivanja-javnog-poziva-precisceni-tekst-1.pdf\">Obave\u0161tenje o sprovodenju pregovarackog postupka bez objavljivanja javnog poziva &#8211; preci\u0161ceni tekst<\/a><\/p>\n<p><a href=\"https:\/\/nadezdapetrovic.rs\/wp-content\/uploads\/2026\/04\/Obrazac-ponude-_-Isidora-Vulic-1.pdf\">Obrazac ponude _ Isidora Vulic<\/a><\/p>\n<p><a href=\"https:\/\/nadezdapetrovic.rs\/wp-content\/uploads\/2026\/04\/Obrazac-ponude-_-Jelena-Trpkovic-1.pdf\">Obrazac ponude _ Jelena Trpkovic<\/a><\/p>\n<p><a href=\"https:\/\/nadezdapetrovic.rs\/wp-content\/uploads\/2026\/04\/Obrazac-ponude-_-Lena-Milovanovic-1.pdf\">Obrazac ponude _ Lena Milovanovic<\/a><\/p>\n<p><a href=\"https:\/\/nadezdapetrovic.rs\/wp-content\/uploads\/2026\/04\/Obrazac-ponude-_-Uros-Zvizdic-1.pdf\">Obrazac ponude _ Uros Zvizdic<\/a><\/p>\n<p><a href=\"https:\/\/nadezdapetrovic.rs\/wp-content\/uploads\/2026\/04\/Odluka-o-dodeli-3.docx\">Odluka o dodeli<\/a><\/p>\n<p><a href=\"https:\/\/nadezdapetrovic.rs\/wp-content\/uploads\/2026\/04\/Odluka-o-obustavi-1.docx\">Odluka o obustavi<\/a><\/p>\n<p><a href=\"https:\/\/nadezdapetrovic.rs\/wp-content\/uploads\/2026\/04\/Odluka-o-sprovodjenju-pregovarackog-postupka-bez-objavljivanja-javnog-poziva-1.pdf\">Odluka o sprovodjenju pregovarackog postupka bez objavljivanja javnog poziva<\/a><\/p>\n<p><a href=\"https:\/\/nadezdapetrovic.rs\/wp-content\/uploads\/2026\/04\/Odluka-strucnog-saveta-3.pdf\">Odluka strucnog saveta<\/a><\/p>\n<p><a href=\"https:\/\/nadezdapetrovic.rs\/wp-content\/uploads\/2026\/04\/Opsti-deo-\u2013-podaci-o-predmetu-nabavke-6.pdf\">Op\u0161ti deo \u2013 podaci o predmetu nabavke<\/a><\/p>\n<p><a href=\"https:\/\/nadezdapetrovic.rs\/wp-content\/uploads\/2026\/04\/Ugovor-Isidora-Vulic-1.pdf\">Ugovor Isidora Vulic<\/a><\/p>\n<p><a href=\"https:\/\/nadezdapetrovic.rs\/wp-content\/uploads\/2026\/04\/Ugovor-Jelena-Trpkovic-1.pdf\">Ugovor Jelena Trpkovic<\/a><\/p>\n<p><a href=\"https:\/\/nadezdapetrovic.rs\/wp-content\/uploads\/2026\/04\/Ugovor-Lena-Milovanovic-1.pdf\">Ugovor Lena Milovanovic<\/a><\/p>\n<p><a href=\"https:\/\/nadezdapetrovic.rs\/wp-content\/uploads\/2026\/04\/Ugovor-Uros-Zvizdic-1.pdf\">Ugovor Uros Zvizdic<\/a><\/p>\n<p><a href=\"https:\/\/nadezdapetrovic.rs\/wp-content\/uploads\/2026\/04\/Umetnicka-galerija-Nadezda-Petrovic-Cacak-Otkup-eksponata-9.8.2023-1.pdf\">Umetnicka galerija Nadezda Petrovic Cacak &#8211; Otkup eksponata 9.8.2023.<\/a><\/p>\n<p><a href=\"https:\/\/nadezdapetrovic.rs\/wp-content\/uploads\/2026\/04\/Zapisnik-o-otvaranju-ponuda-12.pdf\">Zapisnik o otvaranju ponuda<\/a><\/p>\n<p><a href=\"https:\/\/nadezdapetrovic.rs\/wp-content\/uploads\/2026\/04\/Zapisnik-strucnog-saveta-5.pdf\">Zapisnik strucnog saveta<\/a><\/p>\t\t\t\t\t\t\t\t<\/div>\n\t\t\t\t<\/div>\n\t\t\t\t<div class=\"elementor-element elementor-element-3e5abfc elementor-widget elementor-widget-text-editor\" data-id=\"3e5abfc\" data-element_type=\"widget\" data-e-type=\"widget\" data-widget_type=\"text-editor.default\">\n\t\t\t\t<div class=\"elementor-widget-container\">\n\t\t\t\t\t\t\t\t\t<p><strong>\u041e\u0441\u0438\u0433\u0443\u0440\u0430\u045a\u0435 \u0435\u043a\u0441\u043f\u043e\u043d\u0430\u0442\u0430<\/strong><\/p>\n<p><a href=\"https:\/\/nadezdapetrovic.rs\/wp-content\/uploads\/2026\/04\/Izjava-Dunav-osiguranje-a.d.o.-II-Partija-1.pdf\">Izjava &#8211; Dunav osiguranje a.d.o. &#8211; II Partija<\/a><\/p>\n<p><a href=\"https:\/\/nadezdapetrovic.rs\/wp-content\/uploads\/2026\/04\/Izjava-Dunav-osiguranje-a.d.o.-III-Partija-1.pdf\">Izjava &#8211; Dunav osiguranje a.d.o. &#8211; III Partija<\/a><\/p>\n<p><a href=\"https:\/\/nadezdapetrovic.rs\/wp-content\/uploads\/2026\/04\/Izjava-Dunav-osiguranje-a.d.o.-I-Partija-1.pdf\">Izjava &#8211; Dunav osiguranje a.d.o. I Partija<\/a><\/p>\n<p><a href=\"https:\/\/nadezdapetrovic.rs\/wp-content\/uploads\/2026\/04\/Izjava-o-nepostojanju-sukoba-interesa-9.pdf\">Izjava o nepostojanju sukoba interesa<\/a><\/p>\n<p><a href=\"https:\/\/nadezdapetrovic.rs\/wp-content\/uploads\/2026\/04\/Izjava-Umetnicka-galerija-Nadezda-Petrovic-1.pdf\">Izjava Umetnicka galerija Nade\u017eda Petrovic<\/a><\/p>\n<p><a href=\"https:\/\/nadezdapetrovic.rs\/wp-content\/uploads\/2026\/04\/Izvestaj-o-postupku-5.pdf\">Izvestaj o postupku<\/a><\/p>\n<p><a href=\"https:\/\/nadezdapetrovic.rs\/wp-content\/uploads\/2026\/04\/Obavestenje-o-dodeli-ugovora-obustavi-ili-ponistenju-13.pdf\">Obave\u0161tenje o dodeli ugovora, obustavi ili poni\u0161tenju<\/a><\/p>\n<p><a href=\"https:\/\/nadezdapetrovic.rs\/wp-content\/uploads\/2026\/04\/Obrazac-ponude-_-prijave-I-Partija-1.pdf\">Obrazac ponude _ prijave I Partija<\/a><\/p>\n<p><a href=\"https:\/\/nadezdapetrovic.rs\/wp-content\/uploads\/2026\/04\/Obrazac-ponude-_-prijave-II-Partija-1.pdf\">Obrazac ponude _ prijave II Partija<\/a><\/p>\n<p><a href=\"https:\/\/nadezdapetrovic.rs\/wp-content\/uploads\/2026\/04\/Obrazac-ponude-_-prijave-III-Partija-1.pdf\">Obrazac ponude _ prijave III Partija<\/a><\/p>\n<p><a href=\"https:\/\/nadezdapetrovic.rs\/wp-content\/uploads\/2026\/04\/Odluka-o-dodeli-33-1.docx\">Odluka o dodeli-33<\/a><\/p>\n<p><a href=\"https:\/\/nadezdapetrovic.rs\/wp-content\/uploads\/2026\/04\/Zapisnik-o-otvaranju-ponuda-13.pdf\">Zapisnik o otvaranju ponuda<\/a><\/p>\t\t\t\t\t\t\t\t<\/div>\n\t\t\t\t<\/div>\n\t\t\t\t\t<\/div>\n\t\t<\/div>\n\t\t\t\t\t<\/div>\n\t\t<\/section>\n\t\t\t\t<\/div>","protected":false},"excerpt":{"rendered":"<p>\u0428\u0442\u0430\u043c\u043f\u0430 \u043a\u0430\u0442\u0430\u043b\u043e\u0433\u0430 \u0438 \u043f\u0443\u0431\u043b\u0438\u043a\u0430\u0446\u0438\u0458\u0430 Izjava o nepostojanju sukoba interesa Javni poziv Kriterijumi za dodelu ugovora Obave\u0161tenje o dodeli ugovora, obustavi ili poni\u0161tenju Odluka o sprovodjenju postupka Opis kriterijuma za kvalitativni izbor privrednog subjekta sa uputstvima Op\u0161ti deo \u2013 podaci o predmetu nabavke Ugovor o javnoj nabavci 1-2023 Uputstvo ponudacima kako da sacine ponudu Zapisnik o [&hellip;]<\/p>\n","protected":false},"author":4,"featured_media":0,"parent":0,"menu_order":0,"comment_status":"closed","ping_status":"closed","template":"","meta":{"footnotes":""},"class_list":["post-3141","page","type-page","status-publish","hentry"],"yoast_head":"<!-- This site is optimized with the Yoast SEO plugin v27.4 - https:\/\/yoast.com\/product\/yoast-seo-wordpress\/ -->\n<title>\u0408\u0430\u0432\u043d\u0435 \u043d\u0430\u0431\u0430\u0432\u043a\u0435 2023. - \u0423\u043c\u0435\u0442\u043d\u0438\u0447\u043a\u0430 \u0433\u0430\u043b\u0435\u0440\u0438\u0458\u0430 \u041d\u0430\u0434\u0435\u0436\u0434\u0430 \u041f\u0435\u0442\u0440\u043e\u0432\u0438\u045b<\/title>\n<meta name=\"robots\" content=\"index, follow, max-snippet:-1, max-image-preview:large, max-video-preview:-1\" \/>\n<link rel=\"canonical\" href=\"https:\/\/nadezdapetrovic.rs\/en\/javne-nabavke-2023\/\" \/>\n<meta property=\"og:locale\" content=\"en_GB\" \/>\n<meta property=\"og:type\" content=\"article\" \/>\n<meta property=\"og:title\" content=\"\u0408\u0430\u0432\u043d\u0435 \u043d\u0430\u0431\u0430\u0432\u043a\u0435 2023. - \u0423\u043c\u0435\u0442\u043d\u0438\u0447\u043a\u0430 \u0433\u0430\u043b\u0435\u0440\u0438\u0458\u0430 \u041d\u0430\u0434\u0435\u0436\u0434\u0430 \u041f\u0435\u0442\u0440\u043e\u0432\u0438\u045b\" \/>\n<meta property=\"og:description\" content=\"\u0428\u0442\u0430\u043c\u043f\u0430 \u043a\u0430\u0442\u0430\u043b\u043e\u0433\u0430 \u0438 \u043f\u0443\u0431\u043b\u0438\u043a\u0430\u0446\u0438\u0458\u0430 Izjava o nepostojanju sukoba interesa Javni poziv Kriterijumi za dodelu ugovora Obave\u0161tenje o dodeli ugovora, obustavi ili poni\u0161tenju Odluka o sprovodjenju postupka Opis kriterijuma za kvalitativni izbor privrednog subjekta sa uputstvima Op\u0161ti deo \u2013 podaci o predmetu nabavke Ugovor o javnoj nabavci 1-2023 Uputstvo ponudacima kako da sacine ponudu Zapisnik o [&hellip;]\" \/>\n<meta property=\"og:url\" content=\"https:\/\/nadezdapetrovic.rs\/en\/javne-nabavke-2023\/\" \/>\n<meta property=\"og:site_name\" content=\"\u0423\u043c\u0435\u0442\u043d\u0438\u0447\u043a\u0430 \u0433\u0430\u043b\u0435\u0440\u0438\u0458\u0430 \u041d\u0430\u0434\u0435\u0436\u0434\u0430 \u041f\u0435\u0442\u0440\u043e\u0432\u0438\u045b\" \/>\n<meta property=\"article:publisher\" content=\"https:\/\/www.facebook.com\/galerijanadezdapetrovic.cacak\" \/>\n<meta property=\"article:modified_time\" content=\"2026-04-20T11:50:38+00:00\" \/>\n<meta property=\"og:image\" content=\"https:\/\/nadezdapetrovic.rs\/wp-content\/uploads\/2023\/03\/DSC9157-Novo-dvoriste.jpg\" \/>\n\t<meta property=\"og:image:width\" content=\"1920\" \/>\n\t<meta property=\"og:image:height\" content=\"1270\" \/>\n\t<meta property=\"og:image:type\" content=\"image\/jpeg\" \/>\n<meta name=\"twitter:card\" content=\"summary_large_image\" \/>\n<meta name=\"twitter:label1\" content=\"Estimated reading time\" \/>\n\t<meta name=\"twitter:data1\" content=\"2 minutes\" \/>\n<script type=\"application\/ld+json\" class=\"yoast-schema-graph\">{\"@context\":\"https:\\\/\\\/schema.org\",\"@graph\":[{\"@type\":\"WebPage\",\"@id\":\"https:\\\/\\\/nadezdapetrovic.rs\\\/javne-nabavke-2023\\\/\",\"url\":\"https:\\\/\\\/nadezdapetrovic.rs\\\/javne-nabavke-2023\\\/\",\"name\":\"\u0408\u0430\u0432\u043d\u0435 \u043d\u0430\u0431\u0430\u0432\u043a\u0435 2023. - \u0423\u043c\u0435\u0442\u043d\u0438\u0447\u043a\u0430 \u0433\u0430\u043b\u0435\u0440\u0438\u0458\u0430 \u041d\u0430\u0434\u0435\u0436\u0434\u0430 \u041f\u0435\u0442\u0440\u043e\u0432\u0438\u045b\",\"isPartOf\":{\"@id\":\"https:\\\/\\\/nadezdapetrovic.rs\\\/#website\"},\"datePublished\":\"2026-04-20T11:21:24+00:00\",\"dateModified\":\"2026-04-20T11:50:38+00:00\",\"breadcrumb\":{\"@id\":\"https:\\\/\\\/nadezdapetrovic.rs\\\/javne-nabavke-2023\\\/#breadcrumb\"},\"inLanguage\":\"en-GB\",\"potentialAction\":[{\"@type\":\"ReadAction\",\"target\":[\"https:\\\/\\\/nadezdapetrovic.rs\\\/javne-nabavke-2023\\\/\"]}]},{\"@type\":\"BreadcrumbList\",\"@id\":\"https:\\\/\\\/nadezdapetrovic.rs\\\/javne-nabavke-2023\\\/#breadcrumb\",\"itemListElement\":[{\"@type\":\"ListItem\",\"position\":1,\"name\":\"\u041f\u043e\u0447\u0435\u0442\u043d\u0430\",\"item\":\"https:\\\/\\\/nadezdapetrovic.rs\\\/\"},{\"@type\":\"ListItem\",\"position\":2,\"name\":\"\u0408\u0430\u0432\u043d\u0435 \u043d\u0430\u0431\u0430\u0432\u043a\u0435 2023.\"}]},{\"@type\":\"WebSite\",\"@id\":\"https:\\\/\\\/nadezdapetrovic.rs\\\/#website\",\"url\":\"https:\\\/\\\/nadezdapetrovic.rs\\\/\",\"name\":\"\u0423\u043c\u0435\u0442\u043d\u0438\u0447\u043a\u0430 \u0433\u0430\u043b\u0435\u0440\u0438\u0458\u0430 \u041d\u0430\u0434\u0435\u0436\u0434\u0430 \u041f\u0435\u0442\u0440\u043e\u0432\u0438\u045b\",\"description\":\"\",\"publisher\":{\"@id\":\"https:\\\/\\\/nadezdapetrovic.rs\\\/#organization\"},\"potentialAction\":[{\"@type\":\"SearchAction\",\"target\":{\"@type\":\"EntryPoint\",\"urlTemplate\":\"https:\\\/\\\/nadezdapetrovic.rs\\\/?s={search_term_string}\"},\"query-input\":{\"@type\":\"PropertyValueSpecification\",\"valueRequired\":true,\"valueName\":\"search_term_string\"}}],\"inLanguage\":\"en-GB\"},{\"@type\":\"Organization\",\"@id\":\"https:\\\/\\\/nadezdapetrovic.rs\\\/#organization\",\"name\":\"Umetni\u010dka galerija Nade\u017eda Petrovi\u0107\",\"alternateName\":\"Galerija Nade\u017ead Petrovi\u0107\",\"url\":\"https:\\\/\\\/nadezdapetrovic.rs\\\/\",\"logo\":{\"@type\":\"ImageObject\",\"inLanguage\":\"en-GB\",\"@id\":\"https:\\\/\\\/nadezdapetrovic.rs\\\/#\\\/schema\\\/logo\\\/image\\\/\",\"url\":\"https:\\\/\\\/nadezdapetrovic.rs\\\/wp-content\\\/uploads\\\/2022\\\/05\\\/Logo-galerija-mali.png\",\"contentUrl\":\"https:\\\/\\\/nadezdapetrovic.rs\\\/wp-content\\\/uploads\\\/2022\\\/05\\\/Logo-galerija-mali.png\",\"width\":160,\"height\":91,\"caption\":\"Umetni\u010dka galerija Nade\u017eda Petrovi\u0107\"},\"image\":{\"@id\":\"https:\\\/\\\/nadezdapetrovic.rs\\\/#\\\/schema\\\/logo\\\/image\\\/\"},\"sameAs\":[\"https:\\\/\\\/www.facebook.com\\\/galerijanadezdapetrovic.cacak\",\"https:\\\/\\\/www.instagram.com\\\/galerija.nadezdapetrovic\\\/\"]}]}<\/script>\n<!-- \/ Yoast SEO plugin. -->","yoast_head_json":{"title":"\u0408\u0430\u0432\u043d\u0435 \u043d\u0430\u0431\u0430\u0432\u043a\u0435 2023. - \u0423\u043c\u0435\u0442\u043d\u0438\u0447\u043a\u0430 \u0433\u0430\u043b\u0435\u0440\u0438\u0458\u0430 \u041d\u0430\u0434\u0435\u0436\u0434\u0430 \u041f\u0435\u0442\u0440\u043e\u0432\u0438\u045b","robots":{"index":"index","follow":"follow","max-snippet":"max-snippet:-1","max-image-preview":"max-image-preview:large","max-video-preview":"max-video-preview:-1"},"canonical":"https:\/\/nadezdapetrovic.rs\/en\/javne-nabavke-2023\/","og_locale":"en_GB","og_type":"article","og_title":"\u0408\u0430\u0432\u043d\u0435 \u043d\u0430\u0431\u0430\u0432\u043a\u0435 2023. - \u0423\u043c\u0435\u0442\u043d\u0438\u0447\u043a\u0430 \u0433\u0430\u043b\u0435\u0440\u0438\u0458\u0430 \u041d\u0430\u0434\u0435\u0436\u0434\u0430 \u041f\u0435\u0442\u0440\u043e\u0432\u0438\u045b","og_description":"\u0428\u0442\u0430\u043c\u043f\u0430 \u043a\u0430\u0442\u0430\u043b\u043e\u0433\u0430 \u0438 \u043f\u0443\u0431\u043b\u0438\u043a\u0430\u0446\u0438\u0458\u0430 Izjava o nepostojanju sukoba interesa Javni poziv Kriterijumi za dodelu ugovora Obave\u0161tenje o dodeli ugovora, obustavi ili poni\u0161tenju Odluka o sprovodjenju postupka Opis kriterijuma za kvalitativni izbor privrednog subjekta sa uputstvima Op\u0161ti deo \u2013 podaci o predmetu nabavke Ugovor o javnoj nabavci 1-2023 Uputstvo ponudacima kako da sacine ponudu Zapisnik o [&hellip;]","og_url":"https:\/\/nadezdapetrovic.rs\/en\/javne-nabavke-2023\/","og_site_name":"\u0423\u043c\u0435\u0442\u043d\u0438\u0447\u043a\u0430 \u0433\u0430\u043b\u0435\u0440\u0438\u0458\u0430 \u041d\u0430\u0434\u0435\u0436\u0434\u0430 \u041f\u0435\u0442\u0440\u043e\u0432\u0438\u045b","article_publisher":"https:\/\/www.facebook.com\/galerijanadezdapetrovic.cacak","article_modified_time":"2026-04-20T11:50:38+00:00","og_image":[{"width":1920,"height":1270,"url":"https:\/\/nadezdapetrovic.rs\/wp-content\/uploads\/2023\/03\/DSC9157-Novo-dvoriste.jpg","type":"image\/jpeg"}],"twitter_card":"summary_large_image","twitter_misc":{"Estimated reading time":"2 minutes"},"schema":{"@context":"https:\/\/schema.org","@graph":[{"@type":"WebPage","@id":"https:\/\/nadezdapetrovic.rs\/javne-nabavke-2023\/","url":"https:\/\/nadezdapetrovic.rs\/javne-nabavke-2023\/","name":"\u0408\u0430\u0432\u043d\u0435 \u043d\u0430\u0431\u0430\u0432\u043a\u0435 2023. - \u0423\u043c\u0435\u0442\u043d\u0438\u0447\u043a\u0430 \u0433\u0430\u043b\u0435\u0440\u0438\u0458\u0430 \u041d\u0430\u0434\u0435\u0436\u0434\u0430 \u041f\u0435\u0442\u0440\u043e\u0432\u0438\u045b","isPartOf":{"@id":"https:\/\/nadezdapetrovic.rs\/#website"},"datePublished":"2026-04-20T11:21:24+00:00","dateModified":"2026-04-20T11:50:38+00:00","breadcrumb":{"@id":"https:\/\/nadezdapetrovic.rs\/javne-nabavke-2023\/#breadcrumb"},"inLanguage":"en-GB","potentialAction":[{"@type":"ReadAction","target":["https:\/\/nadezdapetrovic.rs\/javne-nabavke-2023\/"]}]},{"@type":"BreadcrumbList","@id":"https:\/\/nadezdapetrovic.rs\/javne-nabavke-2023\/#breadcrumb","itemListElement":[{"@type":"ListItem","position":1,"name":"\u041f\u043e\u0447\u0435\u0442\u043d\u0430","item":"https:\/\/nadezdapetrovic.rs\/"},{"@type":"ListItem","position":2,"name":"\u0408\u0430\u0432\u043d\u0435 \u043d\u0430\u0431\u0430\u0432\u043a\u0435 2023."}]},{"@type":"WebSite","@id":"https:\/\/nadezdapetrovic.rs\/#website","url":"https:\/\/nadezdapetrovic.rs\/","name":"\u0423\u043c\u0435\u0442\u043d\u0438\u0447\u043a\u0430 \u0433\u0430\u043b\u0435\u0440\u0438\u0458\u0430 \u041d\u0430\u0434\u0435\u0436\u0434\u0430 \u041f\u0435\u0442\u0440\u043e\u0432\u0438\u045b","description":"","publisher":{"@id":"https:\/\/nadezdapetrovic.rs\/#organization"},"potentialAction":[{"@type":"SearchAction","target":{"@type":"EntryPoint","urlTemplate":"https:\/\/nadezdapetrovic.rs\/?s={search_term_string}"},"query-input":{"@type":"PropertyValueSpecification","valueRequired":true,"valueName":"search_term_string"}}],"inLanguage":"en-GB"},{"@type":"Organization","@id":"https:\/\/nadezdapetrovic.rs\/#organization","name":"Umetni\u010dka galerija Nade\u017eda Petrovi\u0107","alternateName":"Galerija Nade\u017ead Petrovi\u0107","url":"https:\/\/nadezdapetrovic.rs\/","logo":{"@type":"ImageObject","inLanguage":"en-GB","@id":"https:\/\/nadezdapetrovic.rs\/#\/schema\/logo\/image\/","url":"https:\/\/nadezdapetrovic.rs\/wp-content\/uploads\/2022\/05\/Logo-galerija-mali.png","contentUrl":"https:\/\/nadezdapetrovic.rs\/wp-content\/uploads\/2022\/05\/Logo-galerija-mali.png","width":160,"height":91,"caption":"Umetni\u010dka galerija Nade\u017eda Petrovi\u0107"},"image":{"@id":"https:\/\/nadezdapetrovic.rs\/#\/schema\/logo\/image\/"},"sameAs":["https:\/\/www.facebook.com\/galerijanadezdapetrovic.cacak","https:\/\/www.instagram.com\/galerija.nadezdapetrovic\/"]}]}},"_links":{"self":[{"href":"https:\/\/nadezdapetrovic.rs\/en\/wp-json\/wp\/v2\/pages\/3141","targetHints":{"allow":["GET"]}}],"collection":[{"href":"https:\/\/nadezdapetrovic.rs\/en\/wp-json\/wp\/v2\/pages"}],"about":[{"href":"https:\/\/nadezdapetrovic.rs\/en\/wp-json\/wp\/v2\/types\/page"}],"author":[{"embeddable":true,"href":"https:\/\/nadezdapetrovic.rs\/en\/wp-json\/wp\/v2\/users\/4"}],"replies":[{"embeddable":true,"href":"https:\/\/nadezdapetrovic.rs\/en\/wp-json\/wp\/v2\/comments?post=3141"}],"version-history":[{"count":8,"href":"https:\/\/nadezdapetrovic.rs\/en\/wp-json\/wp\/v2\/pages\/3141\/revisions"}],"predecessor-version":[{"id":3275,"href":"https:\/\/nadezdapetrovic.rs\/en\/wp-json\/wp\/v2\/pages\/3141\/revisions\/3275"}],"wp:attachment":[{"href":"https:\/\/nadezdapetrovic.rs\/en\/wp-json\/wp\/v2\/media?parent=3141"}],"curies":[{"name":"wp","href":"https:\/\/api.w.org\/{rel}","templated":true}]}}