{"id":2756,"date":"2025-01-16T17:37:39","date_gmt":"2025-01-16T16:37:39","guid":{"rendered":"https:\/\/nadezdapetrovic.rs\/?page_id=2756"},"modified":"2026-04-20T14:09:39","modified_gmt":"2026-04-20T12:09:39","slug":"godisnji-finansijski-izvestaj","status":"publish","type":"page","link":"https:\/\/nadezdapetrovic.rs\/en\/godisnji-finansijski-izvestaj\/","title":{"rendered":"Annual financial report"},"content":{"rendered":"<div data-elementor-type=\"wp-page\" data-elementor-id=\"2756\" class=\"elementor elementor-2756\" data-elementor-post-type=\"page\">\n\t\t\t\t\t\t<section class=\"elementor-section elementor-top-section elementor-element elementor-element-f0b6c23 elementor-section-boxed elementor-section-height-default elementor-section-height-default\" data-id=\"f0b6c23\" data-element_type=\"section\" data-e-type=\"section\">\n\t\t\t\t\t\t<div class=\"elementor-container elementor-column-gap-default\">\n\t\t\t\t\t<div class=\"elementor-column elementor-col-100 elementor-top-column elementor-element elementor-element-c513f3f\" data-id=\"c513f3f\" data-element_type=\"column\" data-e-type=\"column\">\n\t\t\t<div class=\"elementor-widget-wrap elementor-element-populated\">\n\t\t\t\t\t\t<div class=\"elementor-element elementor-element-e403c55 elementor-widget elementor-widget-text-editor\" data-id=\"e403c55\" data-element_type=\"widget\" data-e-type=\"widget\" data-widget_type=\"text-editor.default\">\n\t\t\t\t<div class=\"elementor-widget-container\">\n\t\t\t\t\t\t\t\t\t<p><a href=\"https:\/\/nadezdapetrovic.rs\/wp-content\/uploads\/2025\/07\/\u0417\u0430\u0432\u0440\u0448\u043d\u0438-\u0440\u0430\u0447\u0443\u043d-2024.pdf\">\u0413\u041e\u0414\u0418\u0428\u040a\u0418 \u0424\u0418\u041d\u0410\u041d\u0421\u0418\u0408\u0421\u041a\u0418 \u0418\u0417\u0412\u0415\u0428\u0422\u0410\u0408 \u0417\u0410 2024. \u0413\u041e\u0414\u0418\u041d\u0423<\/a><\/p>\t\t\t\t\t\t\t\t<\/div>\n\t\t\t\t<\/div>\n\t\t\t\t<div class=\"elementor-element elementor-element-19dbefb elementor-widget elementor-widget-text-editor\" data-id=\"19dbefb\" data-element_type=\"widget\" data-e-type=\"widget\" data-widget_type=\"text-editor.default\">\n\t\t\t\t<div class=\"elementor-widget-container\">\n\t\t\t\t\t\t\t\t\t<p><a href=\"https:\/\/nadezdapetrovic.rs\/wp-content\/uploads\/2026\/04\/ZR-GALERIJA-2025.pdf\">\u0413\u041e\u0414\u0418\u0428\u040a\u0418 \u0424\u0418\u041d\u0410\u041d\u0421\u0418\u0408\u0421\u041a\u0418 \u0418\u0417\u0412\u0415\u0428\u0422\u0410\u0408 \u0417\u0410 2025. \u0413\u041e\u0414\u0418\u041d\u0423<\/a><\/p>\t\t\t\t\t\t\t\t<\/div>\n\t\t\t\t<\/div>\n\t\t\t\t\t<\/div>\n\t\t<\/div>\n\t\t\t\t\t<\/div>\n\t\t<\/section>\n\t\t\t\t<\/div>","protected":false},"excerpt":{"rendered":"<p>\u0413\u041e\u0414\u0418\u0428\u040a\u0418 \u0424\u0418\u041d\u0410\u041d\u0421\u0418\u0408\u0421\u041a\u0418 \u0418\u0417\u0412\u0415\u0428\u0422\u0410\u0408 \u0417\u0410 2024. \u0413\u041e\u0414\u0418\u041d\u0423 \u0413\u041e\u0414\u0418\u0428\u040a\u0418 \u0424\u0418\u041d\u0410\u041d\u0421\u0418\u0408\u0421\u041a\u0418 \u0418\u0417\u0412\u0415\u0428\u0422\u0410\u0408 \u0417\u0410 2025. \u0413\u041e\u0414\u0418\u041d\u0423<\/p>","protected":false},"author":4,"featured_media":0,"parent":0,"menu_order":0,"comment_status":"closed","ping_status":"closed","template":"","meta":{"footnotes":""},"class_list":["post-2756","page","type-page","status-publish","hentry"],"yoast_head":"<!-- This site is optimized with the Yoast SEO plugin v27.4 - https:\/\/yoast.com\/product\/yoast-seo-wordpress\/ -->\n<title>\u0413\u043e\u0434\u0438\u0448\u045a\u0438 \u0444\u0438\u043d\u0430\u043d\u0441\u0438\u0458\u0441\u043a\u0438 \u0438\u0437\u0432\u0435\u0448\u0442\u0430\u0458 - \u0423\u043c\u0435\u0442\u043d\u0438\u0447\u043a\u0430 \u0433\u0430\u043b\u0435\u0440\u0438\u0458\u0430 \u041d\u0430\u0434\u0435\u0436\u0434\u0430 \u041f\u0435\u0442\u0440\u043e\u0432\u0438\u045b<\/title>\n<meta name=\"robots\" content=\"index, follow, max-snippet:-1, max-image-preview:large, max-video-preview:-1\" \/>\n<link rel=\"canonical\" href=\"https:\/\/nadezdapetrovic.rs\/en\/godisnji-finansijski-izvestaj\/\" \/>\n<meta property=\"og:locale\" content=\"en_GB\" \/>\n<meta property=\"og:type\" content=\"article\" \/>\n<meta property=\"og:title\" content=\"\u0413\u043e\u0434\u0438\u0448\u045a\u0438 \u0444\u0438\u043d\u0430\u043d\u0441\u0438\u0458\u0441\u043a\u0438 \u0438\u0437\u0432\u0435\u0448\u0442\u0430\u0458 - \u0423\u043c\u0435\u0442\u043d\u0438\u0447\u043a\u0430 \u0433\u0430\u043b\u0435\u0440\u0438\u0458\u0430 \u041d\u0430\u0434\u0435\u0436\u0434\u0430 \u041f\u0435\u0442\u0440\u043e\u0432\u0438\u045b\" \/>\n<meta property=\"og:description\" content=\"\u0413\u041e\u0414\u0418\u0428\u040a\u0418 \u0424\u0418\u041d\u0410\u041d\u0421\u0418\u0408\u0421\u041a\u0418 \u0418\u0417\u0412\u0415\u0428\u0422\u0410\u0408 \u0417\u0410 2024. \u0413\u041e\u0414\u0418\u041d\u0423 \u0413\u041e\u0414\u0418\u0428\u040a\u0418 \u0424\u0418\u041d\u0410\u041d\u0421\u0418\u0408\u0421\u041a\u0418 \u0418\u0417\u0412\u0415\u0428\u0422\u0410\u0408 \u0417\u0410 2025. \u0413\u041e\u0414\u0418\u041d\u0423\" \/>\n<meta property=\"og:url\" content=\"https:\/\/nadezdapetrovic.rs\/en\/godisnji-finansijski-izvestaj\/\" \/>\n<meta property=\"og:site_name\" content=\"\u0423\u043c\u0435\u0442\u043d\u0438\u0447\u043a\u0430 \u0433\u0430\u043b\u0435\u0440\u0438\u0458\u0430 \u041d\u0430\u0434\u0435\u0436\u0434\u0430 \u041f\u0435\u0442\u0440\u043e\u0432\u0438\u045b\" \/>\n<meta property=\"article:publisher\" content=\"https:\/\/www.facebook.com\/galerijanadezdapetrovic.cacak\" \/>\n<meta property=\"article:modified_time\" content=\"2026-04-20T12:09:39+00:00\" \/>\n<meta property=\"og:image\" content=\"https:\/\/nadezdapetrovic.rs\/wp-content\/uploads\/2023\/03\/DSC9157-Novo-dvoriste.jpg\" \/>\n\t<meta property=\"og:image:width\" content=\"1920\" \/>\n\t<meta property=\"og:image:height\" content=\"1270\" \/>\n\t<meta property=\"og:image:type\" content=\"image\/jpeg\" \/>\n<meta name=\"twitter:card\" content=\"summary_large_image\" \/>\n<meta name=\"twitter:label1\" content=\"Estimated reading time\" \/>\n\t<meta name=\"twitter:data1\" content=\"1 minute\" \/>\n<script type=\"application\/ld+json\" class=\"yoast-schema-graph\">{\"@context\":\"https:\\\/\\\/schema.org\",\"@graph\":[{\"@type\":\"WebPage\",\"@id\":\"https:\\\/\\\/nadezdapetrovic.rs\\\/godisnji-finansijski-izvestaj\\\/\",\"url\":\"https:\\\/\\\/nadezdapetrovic.rs\\\/godisnji-finansijski-izvestaj\\\/\",\"name\":\"\u0413\u043e\u0434\u0438\u0448\u045a\u0438 \u0444\u0438\u043d\u0430\u043d\u0441\u0438\u0458\u0441\u043a\u0438 \u0438\u0437\u0432\u0435\u0448\u0442\u0430\u0458 - \u0423\u043c\u0435\u0442\u043d\u0438\u0447\u043a\u0430 \u0433\u0430\u043b\u0435\u0440\u0438\u0458\u0430 \u041d\u0430\u0434\u0435\u0436\u0434\u0430 \u041f\u0435\u0442\u0440\u043e\u0432\u0438\u045b\",\"isPartOf\":{\"@id\":\"https:\\\/\\\/nadezdapetrovic.rs\\\/#website\"},\"datePublished\":\"2025-01-16T16:37:39+00:00\",\"dateModified\":\"2026-04-20T12:09:39+00:00\",\"breadcrumb\":{\"@id\":\"https:\\\/\\\/nadezdapetrovic.rs\\\/godisnji-finansijski-izvestaj\\\/#breadcrumb\"},\"inLanguage\":\"en-GB\",\"potentialAction\":[{\"@type\":\"ReadAction\",\"target\":[\"https:\\\/\\\/nadezdapetrovic.rs\\\/godisnji-finansijski-izvestaj\\\/\"]}]},{\"@type\":\"BreadcrumbList\",\"@id\":\"https:\\\/\\\/nadezdapetrovic.rs\\\/godisnji-finansijski-izvestaj\\\/#breadcrumb\",\"itemListElement\":[{\"@type\":\"ListItem\",\"position\":1,\"name\":\"\u041f\u043e\u0447\u0435\u0442\u043d\u0430\",\"item\":\"https:\\\/\\\/nadezdapetrovic.rs\\\/\"},{\"@type\":\"ListItem\",\"position\":2,\"name\":\"\u0413\u043e\u0434\u0438\u0448\u045a\u0438 \u0444\u0438\u043d\u0430\u043d\u0441\u0438\u0458\u0441\u043a\u0438 \u0438\u0437\u0432\u0435\u0448\u0442\u0430\u0458\"}]},{\"@type\":\"WebSite\",\"@id\":\"https:\\\/\\\/nadezdapetrovic.rs\\\/#website\",\"url\":\"https:\\\/\\\/nadezdapetrovic.rs\\\/\",\"name\":\"\u0423\u043c\u0435\u0442\u043d\u0438\u0447\u043a\u0430 \u0433\u0430\u043b\u0435\u0440\u0438\u0458\u0430 \u041d\u0430\u0434\u0435\u0436\u0434\u0430 \u041f\u0435\u0442\u0440\u043e\u0432\u0438\u045b\",\"description\":\"\",\"publisher\":{\"@id\":\"https:\\\/\\\/nadezdapetrovic.rs\\\/#organization\"},\"potentialAction\":[{\"@type\":\"SearchAction\",\"target\":{\"@type\":\"EntryPoint\",\"urlTemplate\":\"https:\\\/\\\/nadezdapetrovic.rs\\\/?s={search_term_string}\"},\"query-input\":{\"@type\":\"PropertyValueSpecification\",\"valueRequired\":true,\"valueName\":\"search_term_string\"}}],\"inLanguage\":\"en-GB\"},{\"@type\":\"Organization\",\"@id\":\"https:\\\/\\\/nadezdapetrovic.rs\\\/#organization\",\"name\":\"Umetni\u010dka galerija Nade\u017eda Petrovi\u0107\",\"alternateName\":\"Galerija Nade\u017ead Petrovi\u0107\",\"url\":\"https:\\\/\\\/nadezdapetrovic.rs\\\/\",\"logo\":{\"@type\":\"ImageObject\",\"inLanguage\":\"en-GB\",\"@id\":\"https:\\\/\\\/nadezdapetrovic.rs\\\/#\\\/schema\\\/logo\\\/image\\\/\",\"url\":\"https:\\\/\\\/nadezdapetrovic.rs\\\/wp-content\\\/uploads\\\/2022\\\/05\\\/Logo-galerija-mali.png\",\"contentUrl\":\"https:\\\/\\\/nadezdapetrovic.rs\\\/wp-content\\\/uploads\\\/2022\\\/05\\\/Logo-galerija-mali.png\",\"width\":160,\"height\":91,\"caption\":\"Umetni\u010dka galerija Nade\u017eda Petrovi\u0107\"},\"image\":{\"@id\":\"https:\\\/\\\/nadezdapetrovic.rs\\\/#\\\/schema\\\/logo\\\/image\\\/\"},\"sameAs\":[\"https:\\\/\\\/www.facebook.com\\\/galerijanadezdapetrovic.cacak\",\"https:\\\/\\\/www.instagram.com\\\/galerija.nadezdapetrovic\\\/\"]}]}<\/script>\n<!-- \/ Yoast SEO plugin. -->","yoast_head_json":{"title":"\u0413\u043e\u0434\u0438\u0448\u045a\u0438 \u0444\u0438\u043d\u0430\u043d\u0441\u0438\u0458\u0441\u043a\u0438 \u0438\u0437\u0432\u0435\u0448\u0442\u0430\u0458 - \u0423\u043c\u0435\u0442\u043d\u0438\u0447\u043a\u0430 \u0433\u0430\u043b\u0435\u0440\u0438\u0458\u0430 \u041d\u0430\u0434\u0435\u0436\u0434\u0430 \u041f\u0435\u0442\u0440\u043e\u0432\u0438\u045b","robots":{"index":"index","follow":"follow","max-snippet":"max-snippet:-1","max-image-preview":"max-image-preview:large","max-video-preview":"max-video-preview:-1"},"canonical":"https:\/\/nadezdapetrovic.rs\/en\/godisnji-finansijski-izvestaj\/","og_locale":"en_GB","og_type":"article","og_title":"\u0413\u043e\u0434\u0438\u0448\u045a\u0438 \u0444\u0438\u043d\u0430\u043d\u0441\u0438\u0458\u0441\u043a\u0438 \u0438\u0437\u0432\u0435\u0448\u0442\u0430\u0458 - \u0423\u043c\u0435\u0442\u043d\u0438\u0447\u043a\u0430 \u0433\u0430\u043b\u0435\u0440\u0438\u0458\u0430 \u041d\u0430\u0434\u0435\u0436\u0434\u0430 \u041f\u0435\u0442\u0440\u043e\u0432\u0438\u045b","og_description":"\u0413\u041e\u0414\u0418\u0428\u040a\u0418 \u0424\u0418\u041d\u0410\u041d\u0421\u0418\u0408\u0421\u041a\u0418 \u0418\u0417\u0412\u0415\u0428\u0422\u0410\u0408 \u0417\u0410 2024. \u0413\u041e\u0414\u0418\u041d\u0423 \u0413\u041e\u0414\u0418\u0428\u040a\u0418 \u0424\u0418\u041d\u0410\u041d\u0421\u0418\u0408\u0421\u041a\u0418 \u0418\u0417\u0412\u0415\u0428\u0422\u0410\u0408 \u0417\u0410 2025. \u0413\u041e\u0414\u0418\u041d\u0423","og_url":"https:\/\/nadezdapetrovic.rs\/en\/godisnji-finansijski-izvestaj\/","og_site_name":"\u0423\u043c\u0435\u0442\u043d\u0438\u0447\u043a\u0430 \u0433\u0430\u043b\u0435\u0440\u0438\u0458\u0430 \u041d\u0430\u0434\u0435\u0436\u0434\u0430 \u041f\u0435\u0442\u0440\u043e\u0432\u0438\u045b","article_publisher":"https:\/\/www.facebook.com\/galerijanadezdapetrovic.cacak","article_modified_time":"2026-04-20T12:09:39+00:00","og_image":[{"width":1920,"height":1270,"url":"https:\/\/nadezdapetrovic.rs\/wp-content\/uploads\/2023\/03\/DSC9157-Novo-dvoriste.jpg","type":"image\/jpeg"}],"twitter_card":"summary_large_image","twitter_misc":{"Estimated reading time":"1 minute"},"schema":{"@context":"https:\/\/schema.org","@graph":[{"@type":"WebPage","@id":"https:\/\/nadezdapetrovic.rs\/godisnji-finansijski-izvestaj\/","url":"https:\/\/nadezdapetrovic.rs\/godisnji-finansijski-izvestaj\/","name":"\u0413\u043e\u0434\u0438\u0448\u045a\u0438 \u0444\u0438\u043d\u0430\u043d\u0441\u0438\u0458\u0441\u043a\u0438 \u0438\u0437\u0432\u0435\u0448\u0442\u0430\u0458 - \u0423\u043c\u0435\u0442\u043d\u0438\u0447\u043a\u0430 \u0433\u0430\u043b\u0435\u0440\u0438\u0458\u0430 \u041d\u0430\u0434\u0435\u0436\u0434\u0430 \u041f\u0435\u0442\u0440\u043e\u0432\u0438\u045b","isPartOf":{"@id":"https:\/\/nadezdapetrovic.rs\/#website"},"datePublished":"2025-01-16T16:37:39+00:00","dateModified":"2026-04-20T12:09:39+00:00","breadcrumb":{"@id":"https:\/\/nadezdapetrovic.rs\/godisnji-finansijski-izvestaj\/#breadcrumb"},"inLanguage":"en-GB","potentialAction":[{"@type":"ReadAction","target":["https:\/\/nadezdapetrovic.rs\/godisnji-finansijski-izvestaj\/"]}]},{"@type":"BreadcrumbList","@id":"https:\/\/nadezdapetrovic.rs\/godisnji-finansijski-izvestaj\/#breadcrumb","itemListElement":[{"@type":"ListItem","position":1,"name":"\u041f\u043e\u0447\u0435\u0442\u043d\u0430","item":"https:\/\/nadezdapetrovic.rs\/"},{"@type":"ListItem","position":2,"name":"\u0413\u043e\u0434\u0438\u0448\u045a\u0438 \u0444\u0438\u043d\u0430\u043d\u0441\u0438\u0458\u0441\u043a\u0438 \u0438\u0437\u0432\u0435\u0448\u0442\u0430\u0458"}]},{"@type":"WebSite","@id":"https:\/\/nadezdapetrovic.rs\/#website","url":"https:\/\/nadezdapetrovic.rs\/","name":"\u0423\u043c\u0435\u0442\u043d\u0438\u0447\u043a\u0430 \u0433\u0430\u043b\u0435\u0440\u0438\u0458\u0430 \u041d\u0430\u0434\u0435\u0436\u0434\u0430 \u041f\u0435\u0442\u0440\u043e\u0432\u0438\u045b","description":"","publisher":{"@id":"https:\/\/nadezdapetrovic.rs\/#organization"},"potentialAction":[{"@type":"SearchAction","target":{"@type":"EntryPoint","urlTemplate":"https:\/\/nadezdapetrovic.rs\/?s={search_term_string}"},"query-input":{"@type":"PropertyValueSpecification","valueRequired":true,"valueName":"search_term_string"}}],"inLanguage":"en-GB"},{"@type":"Organization","@id":"https:\/\/nadezdapetrovic.rs\/#organization","name":"Umetni\u010dka galerija Nade\u017eda Petrovi\u0107","alternateName":"Galerija Nade\u017ead Petrovi\u0107","url":"https:\/\/nadezdapetrovic.rs\/","logo":{"@type":"ImageObject","inLanguage":"en-GB","@id":"https:\/\/nadezdapetrovic.rs\/#\/schema\/logo\/image\/","url":"https:\/\/nadezdapetrovic.rs\/wp-content\/uploads\/2022\/05\/Logo-galerija-mali.png","contentUrl":"https:\/\/nadezdapetrovic.rs\/wp-content\/uploads\/2022\/05\/Logo-galerija-mali.png","width":160,"height":91,"caption":"Umetni\u010dka galerija Nade\u017eda Petrovi\u0107"},"image":{"@id":"https:\/\/nadezdapetrovic.rs\/#\/schema\/logo\/image\/"},"sameAs":["https:\/\/www.facebook.com\/galerijanadezdapetrovic.cacak","https:\/\/www.instagram.com\/galerija.nadezdapetrovic\/"]}]}},"_links":{"self":[{"href":"https:\/\/nadezdapetrovic.rs\/en\/wp-json\/wp\/v2\/pages\/2756","targetHints":{"allow":["GET"]}}],"collection":[{"href":"https:\/\/nadezdapetrovic.rs\/en\/wp-json\/wp\/v2\/pages"}],"about":[{"href":"https:\/\/nadezdapetrovic.rs\/en\/wp-json\/wp\/v2\/types\/page"}],"author":[{"embeddable":true,"href":"https:\/\/nadezdapetrovic.rs\/en\/wp-json\/wp\/v2\/users\/4"}],"replies":[{"embeddable":true,"href":"https:\/\/nadezdapetrovic.rs\/en\/wp-json\/wp\/v2\/comments?post=2756"}],"version-history":[{"count":12,"href":"https:\/\/nadezdapetrovic.rs\/en\/wp-json\/wp\/v2\/pages\/2756\/revisions"}],"predecessor-version":[{"id":3283,"href":"https:\/\/nadezdapetrovic.rs\/en\/wp-json\/wp\/v2\/pages\/2756\/revisions\/3283"}],"wp:attachment":[{"href":"https:\/\/nadezdapetrovic.rs\/en\/wp-json\/wp\/v2\/media?parent=2756"}],"curies":[{"name":"wp","href":"https:\/\/api.w.org\/{rel}","templated":true}]}}