{"id":2497,"date":"2023-03-28T12:17:04","date_gmt":"2023-03-28T10:17:04","guid":{"rendered":"https:\/\/novi.nadezdapetrovic.rs\/?page_id=2497"},"modified":"2023-03-28T12:18:51","modified_gmt":"2023-03-28T10:18:51","slug":"vece-barokne-muzike","status":"publish","type":"page","link":"https:\/\/nadezdapetrovic.rs\/en\/arhiva-drugih-programa\/vece-barokne-muzike\/","title":{"rendered":"\u0412\u0435\u0447\u0435 \u0431\u0430\u0440\u043e\u043a\u043d\u0435 \u043c\u0443\u0437\u0438\u043a\u0435"},"content":{"rendered":"<div data-elementor-type=\"wp-page\" data-elementor-id=\"2497\" class=\"elementor elementor-2497\" data-elementor-post-type=\"page\">\n\t\t\t\t\t\t<section class=\"elementor-section elementor-top-section elementor-element elementor-element-5df5ec30 elementor-section-full_width elementor-section-height-default elementor-section-height-default\" data-id=\"5df5ec30\" data-element_type=\"section\" data-e-type=\"section\">\n\t\t\t\t\t\t<div class=\"elementor-container elementor-column-gap-no\">\n\t\t\t\t\t<div class=\"elementor-column elementor-col-100 elementor-top-column elementor-element elementor-element-27f41e74\" data-id=\"27f41e74\" data-element_type=\"column\" data-e-type=\"column\">\n\t\t\t<div class=\"elementor-widget-wrap elementor-element-populated\">\n\t\t\t\t\t\t<section class=\"elementor-section elementor-inner-section elementor-element elementor-element-4441a1b7 elementor-section-full_width elementor-section-height-default elementor-section-height-default\" data-id=\"4441a1b7\" data-element_type=\"section\" data-e-type=\"section\">\n\t\t\t\t\t\t<div class=\"elementor-container elementor-column-gap-no\">\n\t\t\t\t\t<div class=\"elementor-column elementor-col-50 elementor-inner-column elementor-element elementor-element-55dbe324\" data-id=\"55dbe324\" data-element_type=\"column\" data-e-type=\"column\">\n\t\t\t<div class=\"elementor-widget-wrap elementor-element-populated\">\n\t\t\t\t\t\t<div class=\"elementor-element elementor-element-1f692a6f elementor-widget elementor-widget-heading\" data-id=\"1f692a6f\" data-element_type=\"widget\" data-e-type=\"widget\" data-widget_type=\"heading.default\">\n\t\t\t\t<div class=\"elementor-widget-container\">\n\t\t\t\t\t<h2 class=\"elementor-heading-title elementor-size-default\">\u0412\u0435\u0447\u0435 \u0431\u0430\u0440\u043e\u043a\u043d\u0435 \u043c\u0443\u0437\u0438\u043a\u0435<\/h2>\t\t\t\t<\/div>\n\t\t\t\t<\/div>\n\t\t\t\t\t<\/div>\n\t\t<\/div>\n\t\t\t\t<div class=\"elementor-column elementor-col-50 elementor-inner-column elementor-element elementor-element-74f7e0aa\" data-id=\"74f7e0aa\" data-element_type=\"column\" data-e-type=\"column\">\n\t\t\t<div class=\"elementor-widget-wrap\">\n\t\t\t\t\t\t\t<\/div>\n\t\t<\/div>\n\t\t\t\t\t<\/div>\n\t\t<\/section>\n\t\t\t\t\t<\/div>\n\t\t<\/div>\n\t\t\t\t\t<\/div>\n\t\t<\/section>\n\t\t\t\t<section class=\"elementor-section elementor-top-section elementor-element elementor-element-f22a9f9 elementor-section-full_width elementor-section-height-default elementor-section-height-default\" data-id=\"f22a9f9\" data-element_type=\"section\" data-e-type=\"section\">\n\t\t\t\t\t\t<div class=\"elementor-container elementor-column-gap-no\">\n\t\t\t\t\t<div class=\"elementor-column elementor-col-50 elementor-top-column elementor-element elementor-element-707603a4\" data-id=\"707603a4\" data-element_type=\"column\" data-e-type=\"column\">\n\t\t\t<div class=\"elementor-widget-wrap elementor-element-populated\">\n\t\t\t\t\t\t<div class=\"elementor-element elementor-element-f0beaf6 elementor-widget elementor-widget-image\" data-id=\"f0beaf6\" data-element_type=\"widget\" data-e-type=\"widget\" data-widget_type=\"image.default\">\n\t\t\t\t<div class=\"elementor-widget-container\">\n\t\t\t\t\t\t\t\t\t\t\t\t\t\t\t\t<a href=\"https:\/\/novi.nadezdapetrovic.rs\/wp-content\/uploads\/2023\/03\/koncert-trija-flauta-1024x768-1.jpeg\" data-elementor-open-lightbox=\"yes\" data-elementor-lightbox-title=\"koncert-trija-flauta-1024x768\" data-e-action-hash=\"#elementor-action%3Aaction%3Dlightbox%26settings%3DeyJpZCI6MjQ5OSwidXJsIjoiaHR0cHM6XC9cL25hZGV6ZGFwZXRyb3ZpYy5yc1wvd3AtY29udGVudFwvdXBsb2Fkc1wvMjAyM1wvMDNcL2tvbmNlcnQtdHJpamEtZmxhdXRhLTEwMjR4NzY4LTEuanBlZyJ9\">\n\t\t\t\t\t\t\t<img fetchpriority=\"high\" decoding=\"async\" width=\"800\" height=\"600\" src=\"https:\/\/nadezdapetrovic.rs\/wp-content\/uploads\/2023\/03\/koncert-trija-flauta-1024x768-1.jpeg\" class=\"attachment-large size-large wp-image-2499\" alt=\"\" srcset=\"https:\/\/nadezdapetrovic.rs\/wp-content\/uploads\/2023\/03\/koncert-trija-flauta-1024x768-1.jpeg 1024w, https:\/\/nadezdapetrovic.rs\/wp-content\/uploads\/2023\/03\/koncert-trija-flauta-1024x768-1-300x225.jpeg 300w, https:\/\/nadezdapetrovic.rs\/wp-content\/uploads\/2023\/03\/koncert-trija-flauta-1024x768-1-768x576.jpeg 768w, https:\/\/nadezdapetrovic.rs\/wp-content\/uploads\/2023\/03\/koncert-trija-flauta-1024x768-1-16x12.jpeg 16w\" sizes=\"(max-width: 800px) 100vw, 800px\" \/>\t\t\t\t\t\t\t\t<\/a>\n\t\t\t\t\t\t\t\t\t\t\t\t\t\t\t<\/div>\n\t\t\t\t<\/div>\n\t\t\t\t\t<\/div>\n\t\t<\/div>\n\t\t\t\t<div class=\"elementor-column elementor-col-50 elementor-top-column elementor-element elementor-element-19c5417\" data-id=\"19c5417\" data-element_type=\"column\" data-e-type=\"column\">\n\t\t\t<div class=\"elementor-widget-wrap elementor-element-populated\">\n\t\t\t\t\t\t<div class=\"elementor-element elementor-element-5b99bcaf elementor-widget__width-initial elementor-widget-tablet__width-inherit elementor-widget elementor-widget-text-editor\" data-id=\"5b99bcaf\" data-element_type=\"widget\" data-e-type=\"widget\" data-widget_type=\"text-editor.default\">\n\t\t\t\t<div class=\"elementor-widget-container\">\n\t\t\t\t\t\t\t\t\t<p class=\"gmail-msonospacing\">\u041a\u043e\u043d\u0446\u0435\u0440\u0442 \u0422\u0440\u0438\u0458\u0430 \u0444\u043b\u0430\u0443\u0442\u0430 \u201e\u041c\u0438\u043e\u0434\u0440\u0430\u0433 \u0410\u0437\u0430\u045a\u0430\u0446\u201c \u043e\u0434\u0440\u0436\u0430\u043d \u0458\u0435 \u0443 \u0413\u0430\u043b\u0435\u0440\u0438\u0458\u0438 \u0443 \u0441\u0440\u0435\u0434\u0443 27. \u0441\u0435\u043f\u0442\u0435\u043c\u0431\u0440\u0430 2017. \u0433\u043e\u0434\u0438\u043d\u0435. \u041d\u0430 \u0440\u0435\u043f\u0435\u0440\u0442\u043e\u0430\u0440\u0443 \u0441\u0443 \u0431\u0438\u043b\u0430 \u0434\u0435\u043b\u0430 \u0411\u0430\u0445\u0430, \u0412\u0438\u0432\u0430\u043b\u0434\u0438\u0458\u0430, \u041a\u043e\u0440\u0435\u043b\u0438\u0458\u0430\u2026<br \/>\u0422\u0440\u0438\u043e \u0447\u0438\u043d\u0435 \u0443\u043c\u0435\u0442\u043d\u0438\u0446\u0438 \u0421\u0443\u0437\u0430\u043d\u0430 \u041c\u0430\u0440\u043e\u0447\u0438\u043a, \u041a\u0430\u0440\u043e\u0459 \u041c\u0430\u0440\u043e\u0447\u0438\u043a \u0438 \u0410\u043b\u0435\u043a\u0441\u0430\u043d\u0434\u0430\u0440 \u0420\u0443\u0436\u0438\u0447\u0438\u045b, \u0438\u043d\u0430\u0447\u0435 \u0437\u0430\u043f\u043e\u0441\u043b\u0435\u043d\u0438 \u043d\u0430 \u0424\u0438\u043b\u043e\u043b\u043e\u0448\u043a\u043e-\u0443\u043c\u0435\u0442\u043d\u0438\u0447\u043a\u043e\u043c \u0444\u0430\u043a\u0443\u043b\u0442\u0435\u0442\u0443 \u0443 \u041a\u0440\u0430\u0433\u0443\u0458\u0435\u0432\u0446\u0443.<\/p>\t\t\t\t\t\t\t\t<\/div>\n\t\t\t\t<\/div>\n\t\t\t\t\t<\/div>\n\t\t<\/div>\n\t\t\t\t\t<\/div>\n\t\t<\/section>\n\t\t\t\t<\/div>","protected":false},"excerpt":{"rendered":"<p>\u0412\u0435\u0447\u0435 \u0431\u0430\u0440\u043e\u043a\u043d\u0435 \u043c\u0443\u0437\u0438\u043a\u0435 \u041a\u043e\u043d\u0446\u0435\u0440\u0442 \u0422\u0440\u0438\u0458\u0430 \u0444\u043b\u0430\u0443\u0442\u0430 \u201e\u041c\u0438\u043e\u0434\u0440\u0430\u0433 \u0410\u0437\u0430\u045a\u0430\u0446\u201c \u043e\u0434\u0440\u0436\u0430\u043d \u0458\u0435 \u0443 \u0413\u0430\u043b\u0435\u0440\u0438\u0458\u0438 \u0443 \u0441\u0440\u0435\u0434\u0443 27. \u0441\u0435\u043f\u0442\u0435\u043c\u0431\u0440\u0430 2017. \u0433\u043e\u0434\u0438\u043d\u0435. \u041d\u0430 \u0440\u0435\u043f\u0435\u0440\u0442\u043e\u0430\u0440\u0443 \u0441\u0443 \u0431\u0438\u043b\u0430 \u0434\u0435\u043b\u0430 \u0411\u0430\u0445\u0430, \u0412\u0438\u0432\u0430\u043b\u0434\u0438\u0458\u0430, \u041a\u043e\u0440\u0435\u043b\u0438\u0458\u0430\u2026\u0422\u0440\u0438\u043e \u0447\u0438\u043d\u0435 \u0443\u043c\u0435\u0442\u043d\u0438\u0446\u0438 \u0421\u0443\u0437\u0430\u043d\u0430 \u041c\u0430\u0440\u043e\u0447\u0438\u043a, \u041a\u0430\u0440\u043e\u0459 \u041c\u0430\u0440\u043e\u0447\u0438\u043a \u0438 \u0410\u043b\u0435\u043a\u0441\u0430\u043d\u0434\u0430\u0440 \u0420\u0443\u0436\u0438\u0447\u0438\u045b, \u0438\u043d\u0430\u0447\u0435 \u0437\u0430\u043f\u043e\u0441\u043b\u0435\u043d\u0438 \u043d\u0430 \u0424\u0438\u043b\u043e\u043b\u043e\u0448\u043a\u043e-\u0443\u043c\u0435\u0442\u043d\u0438\u0447\u043a\u043e\u043c \u0444\u0430\u043a\u0443\u043b\u0442\u0435\u0442\u0443 \u0443 \u041a\u0440\u0430\u0433\u0443\u0458\u0435\u0432\u0446\u0443.<\/p>","protected":false},"author":1,"featured_media":0,"parent":2413,"menu_order":0,"comment_status":"closed","ping_status":"closed","template":"elementor_header_footer","meta":{"footnotes":""},"class_list":["post-2497","page","type-page","status-publish","hentry"],"yoast_head":"<!-- This site is optimized with the Yoast SEO plugin v27.4 - https:\/\/yoast.com\/product\/yoast-seo-wordpress\/ -->\n<title>\u0412\u0435\u0447\u0435 \u0431\u0430\u0440\u043e\u043a\u043d\u0435 \u043c\u0443\u0437\u0438\u043a\u0435 - \u0423\u043c\u0435\u0442\u043d\u0438\u0447\u043a\u0430 \u0433\u0430\u043b\u0435\u0440\u0438\u0458\u0430 \u041d\u0430\u0434\u0435\u0436\u0434\u0430 \u041f\u0435\u0442\u0440\u043e\u0432\u0438\u045b<\/title>\n<meta name=\"robots\" content=\"index, follow, max-snippet:-1, max-image-preview:large, max-video-preview:-1\" \/>\n<link rel=\"canonical\" href=\"https:\/\/nadezdapetrovic.rs\/en\/arhiva-drugih-programa\/vece-barokne-muzike\/\" \/>\n<meta property=\"og:locale\" content=\"en_GB\" \/>\n<meta property=\"og:type\" content=\"article\" \/>\n<meta property=\"og:title\" content=\"\u0412\u0435\u0447\u0435 \u0431\u0430\u0440\u043e\u043a\u043d\u0435 \u043c\u0443\u0437\u0438\u043a\u0435 - \u0423\u043c\u0435\u0442\u043d\u0438\u0447\u043a\u0430 \u0433\u0430\u043b\u0435\u0440\u0438\u0458\u0430 \u041d\u0430\u0434\u0435\u0436\u0434\u0430 \u041f\u0435\u0442\u0440\u043e\u0432\u0438\u045b\" \/>\n<meta property=\"og:description\" content=\"\u0412\u0435\u0447\u0435 \u0431\u0430\u0440\u043e\u043a\u043d\u0435 \u043c\u0443\u0437\u0438\u043a\u0435 \u041a\u043e\u043d\u0446\u0435\u0440\u0442 \u0422\u0440\u0438\u0458\u0430 \u0444\u043b\u0430\u0443\u0442\u0430 \u201e\u041c\u0438\u043e\u0434\u0440\u0430\u0433 \u0410\u0437\u0430\u045a\u0430\u0446\u201c \u043e\u0434\u0440\u0436\u0430\u043d \u0458\u0435 \u0443 \u0413\u0430\u043b\u0435\u0440\u0438\u0458\u0438 \u0443 \u0441\u0440\u0435\u0434\u0443 27. \u0441\u0435\u043f\u0442\u0435\u043c\u0431\u0440\u0430 2017. \u0433\u043e\u0434\u0438\u043d\u0435. \u041d\u0430 \u0440\u0435\u043f\u0435\u0440\u0442\u043e\u0430\u0440\u0443 \u0441\u0443 \u0431\u0438\u043b\u0430 \u0434\u0435\u043b\u0430 \u0411\u0430\u0445\u0430, \u0412\u0438\u0432\u0430\u043b\u0434\u0438\u0458\u0430, \u041a\u043e\u0440\u0435\u043b\u0438\u0458\u0430\u2026\u0422\u0440\u0438\u043e \u0447\u0438\u043d\u0435 \u0443\u043c\u0435\u0442\u043d\u0438\u0446\u0438 \u0421\u0443\u0437\u0430\u043d\u0430 \u041c\u0430\u0440\u043e\u0447\u0438\u043a, \u041a\u0430\u0440\u043e\u0459 \u041c\u0430\u0440\u043e\u0447\u0438\u043a \u0438 \u0410\u043b\u0435\u043a\u0441\u0430\u043d\u0434\u0430\u0440 \u0420\u0443\u0436\u0438\u0447\u0438\u045b, \u0438\u043d\u0430\u0447\u0435 \u0437\u0430\u043f\u043e\u0441\u043b\u0435\u043d\u0438 \u043d\u0430 \u0424\u0438\u043b\u043e\u043b\u043e\u0448\u043a\u043e-\u0443\u043c\u0435\u0442\u043d\u0438\u0447\u043a\u043e\u043c \u0444\u0430\u043a\u0443\u043b\u0442\u0435\u0442\u0443 \u0443 \u041a\u0440\u0430\u0433\u0443\u0458\u0435\u0432\u0446\u0443.\" \/>\n<meta property=\"og:url\" content=\"https:\/\/nadezdapetrovic.rs\/en\/arhiva-drugih-programa\/vece-barokne-muzike\/\" \/>\n<meta property=\"og:site_name\" content=\"\u0423\u043c\u0435\u0442\u043d\u0438\u0447\u043a\u0430 \u0433\u0430\u043b\u0435\u0440\u0438\u0458\u0430 \u041d\u0430\u0434\u0435\u0436\u0434\u0430 \u041f\u0435\u0442\u0440\u043e\u0432\u0438\u045b\" \/>\n<meta property=\"article:publisher\" content=\"https:\/\/www.facebook.com\/galerijanadezdapetrovic.cacak\" \/>\n<meta property=\"article:modified_time\" content=\"2023-03-28T10:18:51+00:00\" \/>\n<meta property=\"og:image\" content=\"https:\/\/nadezdapetrovic.rs\/wp-content\/uploads\/2023\/03\/koncert-trija-flauta-1024x768-1.jpeg\" \/>\n<meta name=\"twitter:card\" content=\"summary_large_image\" \/>\n<script type=\"application\/ld+json\" class=\"yoast-schema-graph\">{\"@context\":\"https:\\\/\\\/schema.org\",\"@graph\":[{\"@type\":\"WebPage\",\"@id\":\"https:\\\/\\\/nadezdapetrovic.rs\\\/arhiva-drugih-programa\\\/vece-barokne-muzike\\\/\",\"url\":\"https:\\\/\\\/nadezdapetrovic.rs\\\/arhiva-drugih-programa\\\/vece-barokne-muzike\\\/\",\"name\":\"\u0412\u0435\u0447\u0435 \u0431\u0430\u0440\u043e\u043a\u043d\u0435 \u043c\u0443\u0437\u0438\u043a\u0435 - \u0423\u043c\u0435\u0442\u043d\u0438\u0447\u043a\u0430 \u0433\u0430\u043b\u0435\u0440\u0438\u0458\u0430 \u041d\u0430\u0434\u0435\u0436\u0434\u0430 \u041f\u0435\u0442\u0440\u043e\u0432\u0438\u045b\",\"isPartOf\":{\"@id\":\"https:\\\/\\\/nadezdapetrovic.rs\\\/#website\"},\"primaryImageOfPage\":{\"@id\":\"https:\\\/\\\/nadezdapetrovic.rs\\\/arhiva-drugih-programa\\\/vece-barokne-muzike\\\/#primaryimage\"},\"image\":{\"@id\":\"https:\\\/\\\/nadezdapetrovic.rs\\\/arhiva-drugih-programa\\\/vece-barokne-muzike\\\/#primaryimage\"},\"thumbnailUrl\":\"https:\\\/\\\/nadezdapetrovic.rs\\\/wp-content\\\/uploads\\\/2023\\\/03\\\/koncert-trija-flauta-1024x768-1.jpeg\",\"datePublished\":\"2023-03-28T10:17:04+00:00\",\"dateModified\":\"2023-03-28T10:18:51+00:00\",\"breadcrumb\":{\"@id\":\"https:\\\/\\\/nadezdapetrovic.rs\\\/arhiva-drugih-programa\\\/vece-barokne-muzike\\\/#breadcrumb\"},\"inLanguage\":\"en-GB\",\"potentialAction\":[{\"@type\":\"ReadAction\",\"target\":[\"https:\\\/\\\/nadezdapetrovic.rs\\\/arhiva-drugih-programa\\\/vece-barokne-muzike\\\/\"]}]},{\"@type\":\"ImageObject\",\"inLanguage\":\"en-GB\",\"@id\":\"https:\\\/\\\/nadezdapetrovic.rs\\\/arhiva-drugih-programa\\\/vece-barokne-muzike\\\/#primaryimage\",\"url\":\"https:\\\/\\\/nadezdapetrovic.rs\\\/wp-content\\\/uploads\\\/2023\\\/03\\\/koncert-trija-flauta-1024x768-1.jpeg\",\"contentUrl\":\"https:\\\/\\\/nadezdapetrovic.rs\\\/wp-content\\\/uploads\\\/2023\\\/03\\\/koncert-trija-flauta-1024x768-1.jpeg\"},{\"@type\":\"BreadcrumbList\",\"@id\":\"https:\\\/\\\/nadezdapetrovic.rs\\\/arhiva-drugih-programa\\\/vece-barokne-muzike\\\/#breadcrumb\",\"itemListElement\":[{\"@type\":\"ListItem\",\"position\":1,\"name\":\"\u041f\u043e\u0447\u0435\u0442\u043d\u0430\",\"item\":\"https:\\\/\\\/nadezdapetrovic.rs\\\/\"},{\"@type\":\"ListItem\",\"position\":2,\"name\":\"\u0410\u0440\u0445\u0438\u0432\u0430 \u0434\u0440\u0443\u0433\u0438\u0445 \u043f\u0440\u043e\u0433\u0440\u0430\u043c\u0430\",\"item\":\"https:\\\/\\\/nadezdapetrovic.rs\\\/en\\\/arhiva-drugih-programa\\\/\"},{\"@type\":\"ListItem\",\"position\":3,\"name\":\"\u0412\u0435\u0447\u0435 \u0431\u0430\u0440\u043e\u043a\u043d\u0435 \u043c\u0443\u0437\u0438\u043a\u0435\"}]},{\"@type\":\"WebSite\",\"@id\":\"https:\\\/\\\/nadezdapetrovic.rs\\\/#website\",\"url\":\"https:\\\/\\\/nadezdapetrovic.rs\\\/\",\"name\":\"\u0423\u043c\u0435\u0442\u043d\u0438\u0447\u043a\u0430 \u0433\u0430\u043b\u0435\u0440\u0438\u0458\u0430 \u041d\u0430\u0434\u0435\u0436\u0434\u0430 \u041f\u0435\u0442\u0440\u043e\u0432\u0438\u045b\",\"description\":\"\",\"publisher\":{\"@id\":\"https:\\\/\\\/nadezdapetrovic.rs\\\/#organization\"},\"potentialAction\":[{\"@type\":\"SearchAction\",\"target\":{\"@type\":\"EntryPoint\",\"urlTemplate\":\"https:\\\/\\\/nadezdapetrovic.rs\\\/?s={search_term_string}\"},\"query-input\":{\"@type\":\"PropertyValueSpecification\",\"valueRequired\":true,\"valueName\":\"search_term_string\"}}],\"inLanguage\":\"en-GB\"},{\"@type\":\"Organization\",\"@id\":\"https:\\\/\\\/nadezdapetrovic.rs\\\/#organization\",\"name\":\"Umetni\u010dka galerija Nade\u017eda Petrovi\u0107\",\"alternateName\":\"Galerija Nade\u017ead Petrovi\u0107\",\"url\":\"https:\\\/\\\/nadezdapetrovic.rs\\\/\",\"logo\":{\"@type\":\"ImageObject\",\"inLanguage\":\"en-GB\",\"@id\":\"https:\\\/\\\/nadezdapetrovic.rs\\\/#\\\/schema\\\/logo\\\/image\\\/\",\"url\":\"https:\\\/\\\/nadezdapetrovic.rs\\\/wp-content\\\/uploads\\\/2022\\\/05\\\/Logo-galerija-mali.png\",\"contentUrl\":\"https:\\\/\\\/nadezdapetrovic.rs\\\/wp-content\\\/uploads\\\/2022\\\/05\\\/Logo-galerija-mali.png\",\"width\":160,\"height\":91,\"caption\":\"Umetni\u010dka galerija Nade\u017eda Petrovi\u0107\"},\"image\":{\"@id\":\"https:\\\/\\\/nadezdapetrovic.rs\\\/#\\\/schema\\\/logo\\\/image\\\/\"},\"sameAs\":[\"https:\\\/\\\/www.facebook.com\\\/galerijanadezdapetrovic.cacak\",\"https:\\\/\\\/www.instagram.com\\\/galerija.nadezdapetrovic\\\/\"]}]}<\/script>\n<!-- \/ Yoast SEO plugin. -->","yoast_head_json":{"title":"\u0412\u0435\u0447\u0435 \u0431\u0430\u0440\u043e\u043a\u043d\u0435 \u043c\u0443\u0437\u0438\u043a\u0435 - \u0423\u043c\u0435\u0442\u043d\u0438\u0447\u043a\u0430 \u0433\u0430\u043b\u0435\u0440\u0438\u0458\u0430 \u041d\u0430\u0434\u0435\u0436\u0434\u0430 \u041f\u0435\u0442\u0440\u043e\u0432\u0438\u045b","robots":{"index":"index","follow":"follow","max-snippet":"max-snippet:-1","max-image-preview":"max-image-preview:large","max-video-preview":"max-video-preview:-1"},"canonical":"https:\/\/nadezdapetrovic.rs\/en\/arhiva-drugih-programa\/vece-barokne-muzike\/","og_locale":"en_GB","og_type":"article","og_title":"\u0412\u0435\u0447\u0435 \u0431\u0430\u0440\u043e\u043a\u043d\u0435 \u043c\u0443\u0437\u0438\u043a\u0435 - \u0423\u043c\u0435\u0442\u043d\u0438\u0447\u043a\u0430 \u0433\u0430\u043b\u0435\u0440\u0438\u0458\u0430 \u041d\u0430\u0434\u0435\u0436\u0434\u0430 \u041f\u0435\u0442\u0440\u043e\u0432\u0438\u045b","og_description":"\u0412\u0435\u0447\u0435 \u0431\u0430\u0440\u043e\u043a\u043d\u0435 \u043c\u0443\u0437\u0438\u043a\u0435 \u041a\u043e\u043d\u0446\u0435\u0440\u0442 \u0422\u0440\u0438\u0458\u0430 \u0444\u043b\u0430\u0443\u0442\u0430 \u201e\u041c\u0438\u043e\u0434\u0440\u0430\u0433 \u0410\u0437\u0430\u045a\u0430\u0446\u201c \u043e\u0434\u0440\u0436\u0430\u043d \u0458\u0435 \u0443 \u0413\u0430\u043b\u0435\u0440\u0438\u0458\u0438 \u0443 \u0441\u0440\u0435\u0434\u0443 27. \u0441\u0435\u043f\u0442\u0435\u043c\u0431\u0440\u0430 2017. \u0433\u043e\u0434\u0438\u043d\u0435. \u041d\u0430 \u0440\u0435\u043f\u0435\u0440\u0442\u043e\u0430\u0440\u0443 \u0441\u0443 \u0431\u0438\u043b\u0430 \u0434\u0435\u043b\u0430 \u0411\u0430\u0445\u0430, \u0412\u0438\u0432\u0430\u043b\u0434\u0438\u0458\u0430, \u041a\u043e\u0440\u0435\u043b\u0438\u0458\u0430\u2026\u0422\u0440\u0438\u043e \u0447\u0438\u043d\u0435 \u0443\u043c\u0435\u0442\u043d\u0438\u0446\u0438 \u0421\u0443\u0437\u0430\u043d\u0430 \u041c\u0430\u0440\u043e\u0447\u0438\u043a, \u041a\u0430\u0440\u043e\u0459 \u041c\u0430\u0440\u043e\u0447\u0438\u043a \u0438 \u0410\u043b\u0435\u043a\u0441\u0430\u043d\u0434\u0430\u0440 \u0420\u0443\u0436\u0438\u0447\u0438\u045b, \u0438\u043d\u0430\u0447\u0435 \u0437\u0430\u043f\u043e\u0441\u043b\u0435\u043d\u0438 \u043d\u0430 \u0424\u0438\u043b\u043e\u043b\u043e\u0448\u043a\u043e-\u0443\u043c\u0435\u0442\u043d\u0438\u0447\u043a\u043e\u043c \u0444\u0430\u043a\u0443\u043b\u0442\u0435\u0442\u0443 \u0443 \u041a\u0440\u0430\u0433\u0443\u0458\u0435\u0432\u0446\u0443.","og_url":"https:\/\/nadezdapetrovic.rs\/en\/arhiva-drugih-programa\/vece-barokne-muzike\/","og_site_name":"\u0423\u043c\u0435\u0442\u043d\u0438\u0447\u043a\u0430 \u0433\u0430\u043b\u0435\u0440\u0438\u0458\u0430 \u041d\u0430\u0434\u0435\u0436\u0434\u0430 \u041f\u0435\u0442\u0440\u043e\u0432\u0438\u045b","article_publisher":"https:\/\/www.facebook.com\/galerijanadezdapetrovic.cacak","article_modified_time":"2023-03-28T10:18:51+00:00","og_image":[{"url":"https:\/\/nadezdapetrovic.rs\/wp-content\/uploads\/2023\/03\/koncert-trija-flauta-1024x768-1.jpeg","type":"","width":"","height":""}],"twitter_card":"summary_large_image","schema":{"@context":"https:\/\/schema.org","@graph":[{"@type":"WebPage","@id":"https:\/\/nadezdapetrovic.rs\/arhiva-drugih-programa\/vece-barokne-muzike\/","url":"https:\/\/nadezdapetrovic.rs\/arhiva-drugih-programa\/vece-barokne-muzike\/","name":"\u0412\u0435\u0447\u0435 \u0431\u0430\u0440\u043e\u043a\u043d\u0435 \u043c\u0443\u0437\u0438\u043a\u0435 - \u0423\u043c\u0435\u0442\u043d\u0438\u0447\u043a\u0430 \u0433\u0430\u043b\u0435\u0440\u0438\u0458\u0430 \u041d\u0430\u0434\u0435\u0436\u0434\u0430 \u041f\u0435\u0442\u0440\u043e\u0432\u0438\u045b","isPartOf":{"@id":"https:\/\/nadezdapetrovic.rs\/#website"},"primaryImageOfPage":{"@id":"https:\/\/nadezdapetrovic.rs\/arhiva-drugih-programa\/vece-barokne-muzike\/#primaryimage"},"image":{"@id":"https:\/\/nadezdapetrovic.rs\/arhiva-drugih-programa\/vece-barokne-muzike\/#primaryimage"},"thumbnailUrl":"https:\/\/nadezdapetrovic.rs\/wp-content\/uploads\/2023\/03\/koncert-trija-flauta-1024x768-1.jpeg","datePublished":"2023-03-28T10:17:04+00:00","dateModified":"2023-03-28T10:18:51+00:00","breadcrumb":{"@id":"https:\/\/nadezdapetrovic.rs\/arhiva-drugih-programa\/vece-barokne-muzike\/#breadcrumb"},"inLanguage":"en-GB","potentialAction":[{"@type":"ReadAction","target":["https:\/\/nadezdapetrovic.rs\/arhiva-drugih-programa\/vece-barokne-muzike\/"]}]},{"@type":"ImageObject","inLanguage":"en-GB","@id":"https:\/\/nadezdapetrovic.rs\/arhiva-drugih-programa\/vece-barokne-muzike\/#primaryimage","url":"https:\/\/nadezdapetrovic.rs\/wp-content\/uploads\/2023\/03\/koncert-trija-flauta-1024x768-1.jpeg","contentUrl":"https:\/\/nadezdapetrovic.rs\/wp-content\/uploads\/2023\/03\/koncert-trija-flauta-1024x768-1.jpeg"},{"@type":"BreadcrumbList","@id":"https:\/\/nadezdapetrovic.rs\/arhiva-drugih-programa\/vece-barokne-muzike\/#breadcrumb","itemListElement":[{"@type":"ListItem","position":1,"name":"\u041f\u043e\u0447\u0435\u0442\u043d\u0430","item":"https:\/\/nadezdapetrovic.rs\/"},{"@type":"ListItem","position":2,"name":"\u0410\u0440\u0445\u0438\u0432\u0430 \u0434\u0440\u0443\u0433\u0438\u0445 \u043f\u0440\u043e\u0433\u0440\u0430\u043c\u0430","item":"https:\/\/nadezdapetrovic.rs\/en\/arhiva-drugih-programa\/"},{"@type":"ListItem","position":3,"name":"\u0412\u0435\u0447\u0435 \u0431\u0430\u0440\u043e\u043a\u043d\u0435 \u043c\u0443\u0437\u0438\u043a\u0435"}]},{"@type":"WebSite","@id":"https:\/\/nadezdapetrovic.rs\/#website","url":"https:\/\/nadezdapetrovic.rs\/","name":"\u0423\u043c\u0435\u0442\u043d\u0438\u0447\u043a\u0430 \u0433\u0430\u043b\u0435\u0440\u0438\u0458\u0430 \u041d\u0430\u0434\u0435\u0436\u0434\u0430 \u041f\u0435\u0442\u0440\u043e\u0432\u0438\u045b","description":"","publisher":{"@id":"https:\/\/nadezdapetrovic.rs\/#organization"},"potentialAction":[{"@type":"SearchAction","target":{"@type":"EntryPoint","urlTemplate":"https:\/\/nadezdapetrovic.rs\/?s={search_term_string}"},"query-input":{"@type":"PropertyValueSpecification","valueRequired":true,"valueName":"search_term_string"}}],"inLanguage":"en-GB"},{"@type":"Organization","@id":"https:\/\/nadezdapetrovic.rs\/#organization","name":"Umetni\u010dka galerija Nade\u017eda Petrovi\u0107","alternateName":"Galerija Nade\u017ead Petrovi\u0107","url":"https:\/\/nadezdapetrovic.rs\/","logo":{"@type":"ImageObject","inLanguage":"en-GB","@id":"https:\/\/nadezdapetrovic.rs\/#\/schema\/logo\/image\/","url":"https:\/\/nadezdapetrovic.rs\/wp-content\/uploads\/2022\/05\/Logo-galerija-mali.png","contentUrl":"https:\/\/nadezdapetrovic.rs\/wp-content\/uploads\/2022\/05\/Logo-galerija-mali.png","width":160,"height":91,"caption":"Umetni\u010dka galerija Nade\u017eda Petrovi\u0107"},"image":{"@id":"https:\/\/nadezdapetrovic.rs\/#\/schema\/logo\/image\/"},"sameAs":["https:\/\/www.facebook.com\/galerijanadezdapetrovic.cacak","https:\/\/www.instagram.com\/galerija.nadezdapetrovic\/"]}]}},"_links":{"self":[{"href":"https:\/\/nadezdapetrovic.rs\/en\/wp-json\/wp\/v2\/pages\/2497","targetHints":{"allow":["GET"]}}],"collection":[{"href":"https:\/\/nadezdapetrovic.rs\/en\/wp-json\/wp\/v2\/pages"}],"about":[{"href":"https:\/\/nadezdapetrovic.rs\/en\/wp-json\/wp\/v2\/types\/page"}],"author":[{"embeddable":true,"href":"https:\/\/nadezdapetrovic.rs\/en\/wp-json\/wp\/v2\/users\/1"}],"replies":[{"embeddable":true,"href":"https:\/\/nadezdapetrovic.rs\/en\/wp-json\/wp\/v2\/comments?post=2497"}],"version-history":[{"count":7,"href":"https:\/\/nadezdapetrovic.rs\/en\/wp-json\/wp\/v2\/pages\/2497\/revisions"}],"predecessor-version":[{"id":2505,"href":"https:\/\/nadezdapetrovic.rs\/en\/wp-json\/wp\/v2\/pages\/2497\/revisions\/2505"}],"up":[{"embeddable":true,"href":"https:\/\/nadezdapetrovic.rs\/en\/wp-json\/wp\/v2\/pages\/2413"}],"wp:attachment":[{"href":"https:\/\/nadezdapetrovic.rs\/en\/wp-json\/wp\/v2\/media?parent=2497"}],"curies":[{"name":"wp","href":"https:\/\/api.w.org\/{rel}","templated":true}]}}